{"id":841,"date":"2018-05-14T16:38:49","date_gmt":"2018-05-14T14:38:49","guid":{"rendered":"https:\/\/www.golfresort-lagruyere.ch\/site\/?page_id=841"},"modified":"2020-02-21T11:29:36","modified_gmt":"2020-02-21T10:29:36","slug":"centre-de-seminaire-classe-affaires","status":"publish","type":"page","link":"https:\/\/www.golfresort-lagruyere.ch\/site\/residence-hoteliere-luxe\/centre-de-seminaire-classe-affaires\/","title":{"rendered":"Un nouveau centre de s\u00e9minaire classe affaires"},"content":{"rendered":"<p>[et_pb_section fb_built=&#8221;1&#8243; fullwidth=&#8221;on&#8221; _builder_version=&#8221;3.0.100&#8243;][et_pb_fullwidth_image _builder_version=&#8221;3.0.100&#8243; background_image=&#8221;https:\/\/www.golfresort-lagruyere.ch\/site\/wp-content\/uploads\/2018\/09\/vh-meetingsr.jpg&#8221; custom_padding=&#8221;||50vh|&#8221;][\/et_pb_fullwidth_image][\/et_pb_section][et_pb_section fb_built=&#8221;1&#8243; _builder_version=&#8221;3.0.47&#8243;][et_pb_row use_custom_width=&#8221;on&#8221; custom_width_px=&#8221;900px&#8221; _builder_version=&#8221;3.0.100&#8243; background_size=&#8221;initial&#8221; background_position=&#8221;top_left&#8221; background_repeat=&#8221;repeat&#8221;][et_pb_column type=&#8221;4_4&#8243; _builder_version=&#8221;3.0.47&#8243; parallax=&#8221;off&#8221; parallax_method=&#8221;on&#8221;][et_pb_text _builder_version=&#8221;3.0.100&#8243;]<\/p>\n<h1 style=\"text-align: center;\">Business<\/h1>\n<h2 style=\"text-align: center;\">Centre de s\u00e9minaires classe affaires<\/h2>\n<p>[\/et_pb_text][\/et_pb_column][\/et_pb_row][et_pb_row use_custom_width=&#8221;on&#8221; custom_width_px=&#8221;900px&#8221; _builder_version=&#8221;3.0.100&#8243; background_size=&#8221;initial&#8221; background_position=&#8221;top_left&#8221; background_repeat=&#8221;repeat&#8221; module_alignment=&#8221;center&#8221;][et_pb_column type=&#8221;1_2&#8243; _builder_version=&#8221;3.0.47&#8243; parallax=&#8221;off&#8221; parallax_method=&#8221;on&#8221;][et_pb_image src=&#8221;https:\/\/www.golfresort-lagruyere.ch\/site\/wp-content\/uploads\/2018\/05\/vh02-business-fr.jpg&#8221; _builder_version=&#8221;3.0.100&#8243;][\/et_pb_image][\/et_pb_column][et_pb_column type=&#8221;1_2&#8243; _builder_version=&#8221;3.0.47&#8243; parallax=&#8221;off&#8221; parallax_method=&#8221;on&#8221;][et_pb_text _builder_version=&#8221;3.0.100&#8243; text_line_height=&#8221;1.9em&#8221;]<\/p>\n<p style=\"text-align: justify;\"><strong><br \/>Dans le cadre enchanteur du Golf Resort la Gruy\u00e8re, tout aura \u00e9t\u00e9 pr\u00e9vu pour r\u00e9ussir les meetings, s\u00e9minaires, r\u00e9ceptions, conf\u00e9rences, r\u00e9unions d\u2019affaires et \u00e9v\u00e9nements.<\/strong><\/p>\n<p style=\"text-align: justify;\">Les \u00e9quipements de pointe, la qualit\u00e9 des arts de la table et de l\u2019h\u00e9bergement, la flexibilit\u00e9 d\u2019utilisation des infrastructures seront le gage de la r\u00e9ussite de vos op\u00e9rations d\u2019incentives.<br \/> Le Resort offrira en outre la possibilit\u00e9 de privatiser le parcours pour organiser des comp\u00e9titions destin\u00e9es \u00e0 vos clients, relations d\u2019affaires et collaborateurs.<\/p>\n<p>[\/et_pb_text][\/et_pb_column][\/et_pb_row][\/et_pb_section]<\/p>\n","protected":false},"excerpt":{"rendered":"<p>[et_pb_section fb_built=&#8221;1&#8243; fullwidth=&#8221;on&#8221; _builder_version=&#8221;3.0.100&#8243;][et_pb_fullwidth_image _builder_version=&#8221;3.0.100&#8243; background_image=&#8221;https:\/\/www.golfresort-lagruyere.ch\/site\/wp-content\/uploads\/2018\/09\/vh-meetingsr.jpg&#8221; custom_padding=&#8221;||50vh|&#8221;][\/et_pb_fullwidth_image][\/et_pb_section][et_pb_section fb_built=&#8221;1&#8243; _builder_version=&#8221;3.0.47&#8243;][et_pb_row use_custom_width=&#8221;on&#8221; custom_width_px=&#8221;900px&#8221; _builder_version=&#8221;3.0.100&#8243; background_size=&#8221;initial&#8221; background_position=&#8221;top_left&#8221; background_repeat=&#8221;repeat&#8221;][et_pb_column type=&#8221;4_4&#8243; _builder_version=&#8221;3.0.47&#8243; parallax=&#8221;off&#8221; parallax_method=&#8221;on&#8221;][et_pb_text _builder_version=&#8221;3.0.100&#8243;] Business Centre de s\u00e9minaires classe affaires [\/et_pb_text][\/et_pb_column][\/et_pb_row][et_pb_row use_custom_width=&#8221;on&#8221; custom_width_px=&#8221;900px&#8221; _builder_version=&#8221;3.0.100&#8243; background_size=&#8221;initial&#8221; background_position=&#8221;top_left&#8221; background_repeat=&#8221;repeat&#8221; module_alignment=&#8221;center&#8221;][et_pb_column type=&#8221;1_2&#8243; _builder_version=&#8221;3.0.47&#8243; parallax=&#8221;off&#8221; parallax_method=&#8221;on&#8221;][et_pb_image src=&#8221;https:\/\/www.golfresort-lagruyere.ch\/site\/wp-content\/uploads\/2018\/05\/vh02-business-fr.jpg&#8221; _builder_version=&#8221;3.0.100&#8243;][\/et_pb_image][\/et_pb_column][et_pb_column type=&#8221;1_2&#8243; _builder_version=&#8221;3.0.47&#8243; parallax=&#8221;off&#8221; parallax_method=&#8221;on&#8221;][et_pb_text _builder_version=&#8221;3.0.100&#8243; text_line_height=&#8221;1.9em&#8221;] Dans le cadre enchanteur du Golf Resort la Gruy\u00e8re, [&hellip;]<\/p>\n","protected":false},"author":1,"featured_media":0,"parent":3041,"menu_order":0,"comment_status":"closed","ping_status":"closed","template":"","meta":{"footnotes":""},"class_list":["post-841","page","type-page","status-publish","hentry"],"lang":"fr","translations":{"en":1965,"fr":841,"it":2400,"de":2404,"ru":4213,"es":5893},"pll_sync_post":[],"_links":{"self":[{"href":"https:\/\/www.golfresort-lagruyere.ch\/site\/wp-json\/wp\/v2\/pages\/841"}],"collection":[{"href":"https:\/\/www.golfresort-lagruyere.ch\/site\/wp-json\/wp\/v2\/pages"}],"about":[{"href":"https:\/\/www.golfresort-lagruyere.ch\/site\/wp-json\/wp\/v2\/types\/page"}],"author":[{"embeddable":true,"href":"https:\/\/www.golfresort-lagruyere.ch\/site\/wp-json\/wp\/v2\/users\/1"}],"replies":[{"embeddable":true,"href":"https:\/\/www.golfresort-lagruyere.ch\/site\/wp-json\/wp\/v2\/comments?post=841"}],"version-history":[{"count":26,"href":"https:\/\/www.golfresort-lagruyere.ch\/site\/wp-json\/wp\/v2\/pages\/841\/revisions"}],"predecessor-version":[{"id":9128,"href":"https:\/\/www.golfresort-lagruyere.ch\/site\/wp-json\/wp\/v2\/pages\/841\/revisions\/9128"}],"up":[{"embeddable":true,"href":"https:\/\/www.golfresort-lagruyere.ch\/site\/wp-json\/wp\/v2\/pages\/3041"}],"wp:attachment":[{"href":"https:\/\/www.golfresort-lagruyere.ch\/site\/wp-json\/wp\/v2\/media?parent=841"}],"curies":[{"name":"wp","href":"https:\/\/api.w.org\/{rel}","templated":true}]}}