{"id":832,"date":"2018-05-14T16:31:16","date_gmt":"2018-05-14T14:31:16","guid":{"rendered":"https:\/\/www.golfresort-lagruyere.ch\/site\/?page_id=832"},"modified":"2020-02-19T17:35:17","modified_gmt":"2020-02-19T16:35:17","slug":"beach-club-gruyere","status":"publish","type":"page","link":"https:\/\/www.golfresort-lagruyere.ch\/site\/residence-hoteliere-luxe\/beach-club-gruyere\/","title":{"rendered":"Un nouveau beach club privatif"},"content":{"rendered":"<p>[et_pb_section fb_built=&#8221;1&#8243; fullwidth=&#8221;on&#8221; _builder_version=&#8221;3.0.47&#8243;][et_pb_fullwidth_image _builder_version=&#8221;3.0.100&#8243; background_image=&#8221;https:\/\/www.golfresort-lagruyere.ch\/site\/wp-content\/uploads\/2018\/09\/vh01-bain-soleil-beach-club.jpg&#8221; background_position=&#8221;bottom_center&#8221; custom_padding=&#8221;||60vh|&#8221;][\/et_pb_fullwidth_image][\/et_pb_section][et_pb_section fb_built=&#8221;1&#8243; _builder_version=&#8221;3.0.100&#8243; custom_padding=&#8221;|20px||20px&#8221;][et_pb_row custom_width_px=&#8221;900px&#8221; _builder_version=&#8221;3.0.100&#8243;][et_pb_column type=&#8221;4_4&#8243; _builder_version=&#8221;3.0.47&#8243; parallax=&#8221;off&#8221; parallax_method=&#8221;on&#8221;][et_pb_text _builder_version=&#8221;3.0.100&#8243;]<\/p>\n<h1 style=\"text-align: center;\">Bain de soleil au beach club privatif<\/h1>\n<p>[\/et_pb_text][\/et_pb_column][\/et_pb_row][et_pb_row use_custom_width=&#8221;on&#8221; custom_width_px=&#8221;900px&#8221; _builder_version=&#8221;3.0.100&#8243;][et_pb_column type=&#8221;2_3&#8243; _builder_version=&#8221;3.0.47&#8243; parallax=&#8221;off&#8221; parallax_method=&#8221;on&#8221;][et_pb_image src=&#8221;https:\/\/www.golfresort-lagruyere.ch\/site\/wp-content\/uploads\/2018\/09\/vh-bain-soleil-beach-club.jpg&#8221; _builder_version=&#8221;3.0.100&#8243;][\/et_pb_image][\/et_pb_column][et_pb_column type=&#8221;1_3&#8243; _builder_version=&#8221;3.0.47&#8243; parallax=&#8221;off&#8221; parallax_method=&#8221;on&#8221;][et_pb_text _builder_version=&#8221;3.0.100&#8243;]<\/p>\n<p class=\"p1\" style=\"text-align: justify;\"><span class=\"s1\"><b>Au bord du lac, faites une pause au beach club privatif du Golf Resort <\/b><\/span><span class=\"s2\"><b>L<\/b><\/span><span class=\"s1\"><b>a Gruy\u00e8re.<\/b>\u00a0<br \/>Imaginez-vous au bord du lac, au Beach Club privatif du Golf Resort La Gruy\u00e8re, o\u00f9 vous ferez une pause et profiterez de quelques heures de d\u00e9tente sur les confortables bains de soleil. Le d\u00e9cor aura un d\u00e9licieux go\u00fbt d\u2019\u00e9vasion que vous savourerez pleinement au grill du beach club. Si vous vous sentez d\u2019humeur sportive, vous ne r\u00e9sisterez pas \u00e0 l\u2019appel du lac: natation, voile, aviron, cano\u00eb, p\u00eache, paddle\u2026<\/span><\/p>\n<p>[\/et_pb_text][\/et_pb_column][\/et_pb_row][\/et_pb_section]<\/p>\n","protected":false},"excerpt":{"rendered":"<p>[et_pb_section fb_built=&#8221;1&#8243; fullwidth=&#8221;on&#8221; _builder_version=&#8221;3.0.47&#8243;][et_pb_fullwidth_image _builder_version=&#8221;3.0.100&#8243; background_image=&#8221;https:\/\/www.golfresort-lagruyere.ch\/site\/wp-content\/uploads\/2018\/09\/vh01-bain-soleil-beach-club.jpg&#8221; background_position=&#8221;bottom_center&#8221; custom_padding=&#8221;||60vh|&#8221;][\/et_pb_fullwidth_image][\/et_pb_section][et_pb_section fb_built=&#8221;1&#8243; _builder_version=&#8221;3.0.100&#8243; custom_padding=&#8221;|20px||20px&#8221;][et_pb_row custom_width_px=&#8221;900px&#8221; _builder_version=&#8221;3.0.100&#8243;][et_pb_column type=&#8221;4_4&#8243; _builder_version=&#8221;3.0.47&#8243; parallax=&#8221;off&#8221; parallax_method=&#8221;on&#8221;][et_pb_text _builder_version=&#8221;3.0.100&#8243;] Bain de soleil au beach club privatif [\/et_pb_text][\/et_pb_column][\/et_pb_row][et_pb_row use_custom_width=&#8221;on&#8221; custom_width_px=&#8221;900px&#8221; _builder_version=&#8221;3.0.100&#8243;][et_pb_column type=&#8221;2_3&#8243; _builder_version=&#8221;3.0.47&#8243; parallax=&#8221;off&#8221; parallax_method=&#8221;on&#8221;][et_pb_image src=&#8221;https:\/\/www.golfresort-lagruyere.ch\/site\/wp-content\/uploads\/2018\/09\/vh-bain-soleil-beach-club.jpg&#8221; _builder_version=&#8221;3.0.100&#8243;][\/et_pb_image][\/et_pb_column][et_pb_column type=&#8221;1_3&#8243; _builder_version=&#8221;3.0.47&#8243; parallax=&#8221;off&#8221; parallax_method=&#8221;on&#8221;][et_pb_text _builder_version=&#8221;3.0.100&#8243;] Au bord du lac, faites une pause au beach club privatif du Golf Resort La [&hellip;]<\/p>\n","protected":false},"author":1,"featured_media":0,"parent":3041,"menu_order":0,"comment_status":"closed","ping_status":"closed","template":"","meta":{"footnotes":""},"class_list":["post-832","page","type-page","status-publish","hentry"],"lang":"fr","translations":{"en":1962,"fr":832,"it":2395,"de":2397,"ru":4201,"es":5887},"pll_sync_post":[],"_links":{"self":[{"href":"https:\/\/www.golfresort-lagruyere.ch\/site\/wp-json\/wp\/v2\/pages\/832"}],"collection":[{"href":"https:\/\/www.golfresort-lagruyere.ch\/site\/wp-json\/wp\/v2\/pages"}],"about":[{"href":"https:\/\/www.golfresort-lagruyere.ch\/site\/wp-json\/wp\/v2\/types\/page"}],"author":[{"embeddable":true,"href":"https:\/\/www.golfresort-lagruyere.ch\/site\/wp-json\/wp\/v2\/users\/1"}],"replies":[{"embeddable":true,"href":"https:\/\/www.golfresort-lagruyere.ch\/site\/wp-json\/wp\/v2\/comments?post=832"}],"version-history":[{"count":28,"href":"https:\/\/www.golfresort-lagruyere.ch\/site\/wp-json\/wp\/v2\/pages\/832\/revisions"}],"predecessor-version":[{"id":9009,"href":"https:\/\/www.golfresort-lagruyere.ch\/site\/wp-json\/wp\/v2\/pages\/832\/revisions\/9009"}],"up":[{"embeddable":true,"href":"https:\/\/www.golfresort-lagruyere.ch\/site\/wp-json\/wp\/v2\/pages\/3041"}],"wp:attachment":[{"href":"https:\/\/www.golfresort-lagruyere.ch\/site\/wp-json\/wp\/v2\/media?parent=832"}],"curies":[{"name":"wp","href":"https:\/\/api.w.org\/{rel}","templated":true}]}}