{"id":822,"date":"2018-05-14T16:22:04","date_gmt":"2018-05-14T14:22:04","guid":{"rendered":"https:\/\/www.golfresort-lagruyere.ch\/site\/?page_id=822"},"modified":"2020-07-24T09:55:02","modified_gmt":"2020-07-24T07:55:02","slug":"spa-wellness-gruyere","status":"publish","type":"page","link":"https:\/\/www.golfresort-lagruyere.ch\/site\/residence-hoteliere-luxe\/spa-wellness-gruyere\/","title":{"rendered":"Un nouveau Spa Wellness de 3&#8217;000 m2"},"content":{"rendered":"<p>[et_pb_section fb_built=&#8221;1&#8243; fullwidth=&#8221;on&#8221; _builder_version=&#8221;3.0.47&#8243;][et_pb_fullwidth_image _builder_version=&#8221;3.0.100&#8243; background_image=&#8221;https:\/\/www.golfresort-lagruyere.ch\/site\/wp-content\/uploads\/2018\/09\/vh01-spa.jpg&#8221; custom_padding=&#8221;||50vh|&#8221;][\/et_pb_fullwidth_image][\/et_pb_section][et_pb_section fb_built=&#8221;1&#8243; _builder_version=&#8221;3.0.47&#8243;][et_pb_row _builder_version=&#8221;3.0.47&#8243; background_size=&#8221;initial&#8221; background_position=&#8221;top_left&#8221; background_repeat=&#8221;repeat&#8221;][et_pb_column type=&#8221;4_4&#8243; _builder_version=&#8221;3.0.47&#8243; parallax=&#8221;off&#8221; parallax_method=&#8221;on&#8221;][et_pb_text _builder_version=&#8221;3.0.100&#8243;]<\/p>\n<h1 style=\"text-align: center;\">Spa Wellness<\/h1>\n<p>[\/et_pb_text][\/et_pb_column][\/et_pb_row][et_pb_row use_custom_width=&#8221;on&#8221; custom_width_px=&#8221;900px&#8221; _builder_version=&#8221;3.0.100&#8243;][et_pb_column type=&#8221;1_2&#8243; _builder_version=&#8221;3.0.47&#8243; parallax=&#8221;off&#8221; parallax_method=&#8221;on&#8221;][et_pb_text _builder_version=&#8221;3.0.100&#8243; custom_padding=&#8221;|20px||20px&#8221;]<\/p>\n<p style=\"text-align: justify;\"><strong>Au coeur du Golf Resort La Gruy\u00e8re et avec pour seule vue le lac et les montagnes environnantes, s\u2019\u00e9tendra un oc\u00e9an de douceur. <\/strong><\/p>\n<p style=\"text-align: justify;\">Sur 2 000 m\u00b2, le Spa Wellness invitera le corps et l\u2019esprit \u00e0 plonger dans une atmosph\u00e8re de calme et de bien-\u00eatre absolus. Une \u00e9quipe de sp\u00e9cialistes qualifi\u00e9s vous aidera par un suivi constant \u00e0 retrouver votre pleine forme \u00e0 l\u2019aide de traitements et de nombreux programmes personnalis\u00e9s.<\/p>\n<p>[\/et_pb_text][\/et_pb_column][et_pb_column type=&#8221;1_2&#8243; _builder_version=&#8221;3.0.47&#8243; parallax=&#8221;off&#8221; parallax_method=&#8221;on&#8221;][et_pb_text _builder_version=&#8221;3.0.100&#8243;]<img loading=\"lazy\" decoding=\"async\" class=\"aligncenter wp-image-826\" src=\"https:\/\/www.golfresort-lagruyere.ch\/site\/wp-content\/uploads\/2018\/05\/vh02-spa-fr.jpg\" alt=\"\" width=\"414\" height=\"280\" srcset=\"https:\/\/www.golfresort-lagruyere.ch\/site\/wp-content\/uploads\/2018\/05\/vh02-spa-fr.jpg 689w, https:\/\/www.golfresort-lagruyere.ch\/site\/wp-content\/uploads\/2018\/05\/vh02-spa-fr-300x203.jpg 300w\" sizes=\"(max-width: 414px) 100vw, 414px\" \/><br \/>\n[\/et_pb_text][\/et_pb_column][\/et_pb_row][\/et_pb_section]<\/p>\n","protected":false},"excerpt":{"rendered":"<p>[et_pb_section fb_built=&#8221;1&#8243; fullwidth=&#8221;on&#8221; _builder_version=&#8221;3.0.47&#8243;][et_pb_fullwidth_image _builder_version=&#8221;3.0.100&#8243; background_image=&#8221;https:\/\/www.golfresort-lagruyere.ch\/site\/wp-content\/uploads\/2018\/09\/vh01-spa.jpg&#8221; custom_padding=&#8221;||50vh|&#8221;][\/et_pb_fullwidth_image][\/et_pb_section][et_pb_section fb_built=&#8221;1&#8243; _builder_version=&#8221;3.0.47&#8243;][et_pb_row _builder_version=&#8221;3.0.47&#8243; background_size=&#8221;initial&#8221; background_position=&#8221;top_left&#8221; background_repeat=&#8221;repeat&#8221;][et_pb_column type=&#8221;4_4&#8243; _builder_version=&#8221;3.0.47&#8243; parallax=&#8221;off&#8221; parallax_method=&#8221;on&#8221;][et_pb_text _builder_version=&#8221;3.0.100&#8243;] Spa Wellness [\/et_pb_text][\/et_pb_column][\/et_pb_row][et_pb_row use_custom_width=&#8221;on&#8221; custom_width_px=&#8221;900px&#8221; _builder_version=&#8221;3.0.100&#8243;][et_pb_column type=&#8221;1_2&#8243; _builder_version=&#8221;3.0.47&#8243; parallax=&#8221;off&#8221; parallax_method=&#8221;on&#8221;][et_pb_text _builder_version=&#8221;3.0.100&#8243; custom_padding=&#8221;|20px||20px&#8221;] Au coeur du Golf Resort La Gruy\u00e8re et avec pour seule vue le lac et les montagnes environnantes, s\u2019\u00e9tendra un oc\u00e9an de douceur. Sur 2 [&hellip;]<\/p>\n","protected":false},"author":1,"featured_media":0,"parent":3041,"menu_order":0,"comment_status":"closed","ping_status":"closed","template":"","meta":{"footnotes":""},"class_list":["post-822","page","type-page","status-publish","hentry"],"lang":"fr","translations":{"en":1956,"fr":822,"it":2391,"de":2393,"ru":4170,"es":5874},"pll_sync_post":[],"_links":{"self":[{"href":"https:\/\/www.golfresort-lagruyere.ch\/site\/wp-json\/wp\/v2\/pages\/822"}],"collection":[{"href":"https:\/\/www.golfresort-lagruyere.ch\/site\/wp-json\/wp\/v2\/pages"}],"about":[{"href":"https:\/\/www.golfresort-lagruyere.ch\/site\/wp-json\/wp\/v2\/types\/page"}],"author":[{"embeddable":true,"href":"https:\/\/www.golfresort-lagruyere.ch\/site\/wp-json\/wp\/v2\/users\/1"}],"replies":[{"embeddable":true,"href":"https:\/\/www.golfresort-lagruyere.ch\/site\/wp-json\/wp\/v2\/comments?post=822"}],"version-history":[{"count":30,"href":"https:\/\/www.golfresort-lagruyere.ch\/site\/wp-json\/wp\/v2\/pages\/822\/revisions"}],"predecessor-version":[{"id":10860,"href":"https:\/\/www.golfresort-lagruyere.ch\/site\/wp-json\/wp\/v2\/pages\/822\/revisions\/10860"}],"up":[{"embeddable":true,"href":"https:\/\/www.golfresort-lagruyere.ch\/site\/wp-json\/wp\/v2\/pages\/3041"}],"wp:attachment":[{"href":"https:\/\/www.golfresort-lagruyere.ch\/site\/wp-json\/wp\/v2\/media?parent=822"}],"curies":[{"name":"wp","href":"https:\/\/api.w.org\/{rel}","templated":true}]}}