{"id":5804,"date":"2019-10-01T17:41:09","date_gmt":"2019-10-01T15:41:09","guid":{"rendered":"https:\/\/www.golfresort-lagruyere.ch\/site\/?page_id=5804"},"modified":"2020-10-16T15:34:57","modified_gmt":"2020-10-16T13:34:57","slug":"es-home","status":"publish","type":"page","link":"https:\/\/www.golfresort-lagruyere.ch\/site\/es\/","title":{"rendered":"Invierta en el inmobiliariio de lujo en Suiza"},"content":{"rendered":"<p>[et_pb_section fb_built=&#8221;1&#8243; _builder_version=&#8221;3.0.100&#8243; use_background_color_gradient=&#8221;on&#8221; background_color_gradient_start=&#8221;rgba(0,21,45,0.2)&#8221; background_color_gradient_end=&#8221;rgba(0,21,45,0)&#8221; background_color_gradient_overlays_image=&#8221;on&#8221; background_image=&#8221;https:\/\/www.golfresort-lagruyere.ch\/site\/wp-content\/uploads\/2019\/06\/golf-resort-gruyere.jpg&#8221; custom_padding=&#8221;0px|0px|0px|0px&#8221;][et_pb_row custom_padding=&#8221;230px|0px|230px|0px&#8221; _builder_version=&#8221;3.0.100&#8243;][et_pb_column type=&#8221;4_4&#8243; _builder_version=&#8221;3.0.100&#8243; parallax=&#8221;off&#8221; parallax_method=&#8221;on&#8221;][et_pb_image src=&#8221;https:\/\/www.golfresort-lagruyere.ch\/site\/wp-content\/uploads\/2020\/02\/logo_neg_shadow_light.png&#8221; align=&#8221;center&#8221; _builder_version=&#8221;3.0.100&#8243; max_width=&#8221;35%&#8221;][\/et_pb_image][et_pb_button button_url=&#8221;https:\/\/vimeo.com\/456569183&#8243; button_text=&#8221;Descubrir el video&#8221; button_alignment=&#8221;center&#8221; module_class=&#8221;vp-a&#8221; _builder_version=&#8221;3.0.100&#8243; custom_button=&#8221;on&#8221; button_text_size=&#8221;16px&#8221; button_text_color=&#8221;#ffffff&#8221; button_bg_color=&#8221;#00152d&#8221; button_border_color=&#8221;#00152d&#8221; button_font=&#8221;||||||||&#8221; button_letter_spacing_hover=&#8221;0&#8243;][\/et_pb_button][et_pb_button _builder_version=&#8221;3.0.100&#8243;][\/et_pb_button][\/et_pb_column][\/et_pb_row][\/et_pb_section][et_pb_section fb_built=&#8221;1&#8243; _builder_version=&#8221;3.0.100&#8243; custom_padding=&#8221;46px|0px|0px|0px&#8221;][et_pb_row use_custom_width=&#8221;on&#8221; custom_width_px=&#8221;770px&#8221; custom_padding=&#8221;20px|0px|0px|0px&#8221; custom_padding_phone=&#8221;20px|0px|0px|0px&#8221; background_position_1=&#8221;top_left&#8221; background_repeat_1=&#8221;no-repeat&#8221; custom_padding_last_edited=&#8221;on|phone&#8221; _builder_version=&#8221;3.0.100&#8243; module_alignment=&#8221;center&#8221;][et_pb_column type=&#8221;4_4&#8243; _builder_version=&#8221;3.0.47&#8243; parallax=&#8221;off&#8221; parallax_method=&#8221;on&#8221; background_position=&#8221;top_left&#8221; background_repeat=&#8221;no-repeat&#8221;][et_pb_text _builder_version=&#8221;3.0.100&#8243; header_font=&#8221;||||||||&#8221; custom_padding=&#8221;|30px||30px&#8221; custom_padding_phone=&#8221;|0px||0px&#8221; custom_padding_last_edited=&#8221;on|desktop&#8221;]<\/p>\n<h1 style=\"text-align: center;\"> INVIERTA EN SUIZA<\/h1>\n<h2 style=\"text-align: center;\"> PROGRAMA INMOBILIARIO DE LUJO <strong><br \/>\n<\/strong><\/h2>\n<p>[\/et_pb_text][et_pb_text _builder_version=&#8221;3.0.100&#8243; custom_padding=&#8221;|30px||30px&#8221; custom_padding_phone=&#8221;|0px||0px&#8221; custom_padding_last_edited=&#8221;on|desktop&#8221;]<\/p>\n<p style=\"text-align: justify;\"><strong>UNA REALIZACI\u00d3N PRESTIGIOSA APARECE EN EL GOLF RESORT LA GRUY\u00c8RE PARA INTEGRARSE EN UN MEDIO AMBIENTE MAGN\u00cdFICAMENTE PRESERVADO.<\/strong><\/p>\n<p style=\"text-align: justify;\">Apartamentos suntuosos, \u00e1ticos de 2.5 a 5.5 habitaciones con amplias terrazas, en residencies principales y secundarias; un hotel 5 estrellas \u00ab\u00a0ALiLA LA GRUYERE, A Luxury Brand Owned by Hyatt\u00a0\u00bb, as\u00ed como hotel residencias; un spa bienestar in\u00e9dito de 2 000 m\u00b2; todos los placeres de la mesa en los tres restaurantes con su variedad de cocinas: el restaurante gastron\u00f3mico, el restaurante braser\u00eda del hotel, y \u201cLa Ferme\u201d (\u201cLa Granja\u201d) con sus especialidades de Gruy\u00e8res; un club de playa privativo a orillas del lago; infraestructuras avanzadas para la organizaci\u00f3n de seminarios; una seguridad \u00f3ptima con vigilancia las 24 horas; el todo ubicado directamente en un nuevo campo de golf 18 hoyos Par 72 de escala internacional&#8230;<\/p>\n<p style=\"text-align: justify;\"><strong> Un Resort sublime \u00fanico en Suiza franc\u00f3fona.<\/strong><\/p>\n<p>[\/et_pb_text][\/et_pb_column][\/et_pb_row][et_pb_row use_custom_width=&#8221;on&#8221; custom_width_px=&#8221;600px&#8221; custom_padding=&#8221;40px|0px|90px|0px&#8221; _builder_version=&#8221;3.0.100&#8243;][et_pb_column type=&#8221;1_2&#8243; _builder_version=&#8221;3.0.47&#8243; parallax=&#8221;off&#8221; parallax_method=&#8221;on&#8221;][et_pb_button button_url=&#8221;https:\/\/www.golfresort-realestate.ch\/visite\/&#8221; button_text=&#8221;visita virtual&#8221; button_alignment=&#8221;center&#8221; module_id=&#8221;visite_virtuelle_all&#8221; _builder_version=&#8221;3.0.100&#8243; custom_button=&#8221;on&#8221; button_text_size=&#8221;16&#8243; button_font=&#8221;||||||||&#8221; button_letter_spacing_hover=&#8221;0&#8243; global_module=&#8221;5817&#8243; saved_tabs=&#8221;all&#8221;][\/et_pb_button][et_pb_button _builder_version=&#8221;3.0.100&#8243;][\/et_pb_button][\/et_pb_column][et_pb_column type=&#8221;1_2&#8243; _builder_version=&#8221;3.0.47&#8243; parallax=&#8221;off&#8221; parallax_method=&#8221;on&#8221;][et_pb_button button_url=&#8221;https:\/\/www.golfresort-lagruyere.ch\/site\/es\/residencia-lujo\/&#8221; button_text=&#8221;Proyecto inmobiliario&#8221; button_alignment=&#8221;center&#8221; module_id=&#8221;programme_immobilier_all&#8221; _builder_version=&#8221;3.0.100&#8243; global_module=&#8221;5818&#8243; saved_tabs=&#8221;all&#8221;][\/et_pb_button][\/et_pb_column][\/et_pb_row][\/et_pb_section][et_pb_section fb_built=&#8221;1&#8243; fullwidth=&#8221;on&#8221; _builder_version=&#8221;3.0.100&#8243;][et_pb_fullwidth_image _builder_version=&#8221;3.0.100&#8243; background_image=&#8221;http:\/\/www.golfresort-lagruyere.ch\/site\/wp-content\/uploads\/2020\/02\/Programme-immobilier-Salon_web.jpg&#8221; custom_padding=&#8221;||600px|&#8221; custom_padding_phone=&#8221;||250px|&#8221; custom_padding_last_edited=&#8221;on|desktop&#8221;][\/et_pb_fullwidth_image][\/et_pb_section][et_pb_section fb_built=&#8221;1&#8243; custom_padding_last_edited=&#8221;on|phone&#8221; _builder_version=&#8221;3.0.100&#8243; custom_padding=&#8221;|20px|20px|20px&#8221; custom_padding_phone=&#8221;|0px||0px&#8221;][et_pb_row custom_width_px=&#8221;1170px&#8221; custom_padding=&#8221;60px|0px|0px|0px&#8221; _builder_version=&#8221;3.0.100&#8243;][et_pb_column type=&#8221;1_3&#8243; _builder_version=&#8221;3.0.47&#8243; parallax=&#8221;off&#8221; parallax_method=&#8221;on&#8221;][et_pb_text _builder_version=&#8221;3.0.100&#8243;]<\/p>\n<h4>ESCENARIO DE LUJO<\/h4>\n<p style=\"text-align: justify;\">Los prestigiosos apartamentos propuestos por el Golf Resort La Gruy\u00e8re re\u00fanen elegancia y calidad. Su arquitectura decididamente&#8230;<\/p>\n<p>[\/et_pb_text][\/et_pb_column][et_pb_column type=&#8221;1_3&#8243; _builder_version=&#8221;3.0.47&#8243; parallax=&#8221;off&#8221; parallax_method=&#8221;on&#8221;][et_pb_text _builder_version=&#8221;3.0.100&#8243;]<\/p>\n<h4>\u00daNICO EN la SUIZA FRANC\u00d3FONA<\/h4>\n<p class=\"p1\" style=\"text-align: justify;\"><span class=\"s1\">Como una verdadera invocaci\u00f3n a la naturaleza, el Golf Resort la Gruy\u00e8re se destaca no s\u00f3lo por su panorama&#8230;<\/span><\/p>\n<p>[\/et_pb_text][\/et_pb_column][et_pb_column type=&#8221;1_3&#8243; _builder_version=&#8221;3.0.47&#8243; parallax=&#8221;off&#8221; parallax_method=&#8221;on&#8221;][et_pb_text _builder_version=&#8221;3.0.100&#8243; text_font=&#8221;||||||||&#8221; header_font=&#8221;||||||||&#8221;]<\/p>\n<h4>CONFORT, CALIDAD de vida <br \/>Y SEGURIDAD<\/h4>\n<p style=\"text-align: justify;\">Una conserjer\u00eda localizada en la entrada del Resort permanecer\u00e1 abierta siete d\u00edas a la semana, con un servicio de seguridad las 24 horas.<\/p>\n<p>[\/et_pb_text][\/et_pb_column][\/et_pb_row][et_pb_row custom_width_px=&#8221;1170px&#8221; custom_padding=&#8221;60px|0px|0px|0px&#8221; _builder_version=&#8221;3.0.100&#8243;][et_pb_column type=&#8221;1_3&#8243; _builder_version=&#8221;3.0.47&#8243; parallax=&#8221;off&#8221; parallax_method=&#8221;on&#8221;][et_pb_text _builder_version=&#8221;3.0.100&#8243;]<\/p>\n<h4 style=\"text-align: justify;\">VENTAs INTERNACIONALes<\/h4>\n<p class=\"p1\" style=\"text-align: justify;\">La adquisici\u00f3n de bienes inmuebles por extranjeros est\u00e1 sujeta a la Ley Federal sobre la Adquisici\u00f3n de Bienes Inmuebles&#8230;<\/p>\n<p>[\/et_pb_text][\/et_pb_column][et_pb_column type=&#8221;1_3&#8243; _builder_version=&#8221;3.0.47&#8243; parallax=&#8221;off&#8221; parallax_method=&#8221;on&#8221;][et_pb_text _builder_version=&#8221;3.0.100&#8243;]<\/p>\n<h4>INVERSI\u00d3N<\/h4>\n<p style=\"text-align: justify;\">A escala internacional, el clima geopol\u00edtico actual coloca la Suiza en primer plano de destinaciones o sitios de residencias seguros &#8230;<\/p>\n<p>[\/et_pb_text][\/et_pb_column][et_pb_column type=&#8221;1_3&#8243; _builder_version=&#8221;3.0.47&#8243; parallax=&#8221;off&#8221; parallax_method=&#8221;on&#8221;][et_pb_text _builder_version=&#8221;3.0.100&#8243; header_font=&#8221;||||||||&#8221;]<\/p>\n<h4>EN EL CORAZ\u00d3N DE SUIZA Y DE EUROPA<\/h4>\n<p style=\"text-align: justify;\">El pueblo de Pont-la-Ville, ubicado en la regi\u00f3n mundialmente conocida de Gruy\u00e8re, es un encanto&#8230;<\/p>\n<p>[\/et_pb_text][\/et_pb_column][\/et_pb_row][et_pb_row use_custom_width=&#8221;on&#8221; custom_width_px=&#8221;920px&#8221; custom_padding=&#8221;60px|0px|60px|0px&#8221; _builder_version=&#8221;3.0.100&#8243;][et_pb_column type=&#8221;1_2&#8243; _builder_version=&#8221;3.0.47&#8243; parallax=&#8221;off&#8221; parallax_method=&#8221;on&#8221;][et_pb_button button_url=&#8221;https:\/\/www.golfresort-lagruyere.ch\/site\/es\/residencia-lujo\/ventajas\/&#8221; button_text=&#8221;LOS PUNTOS FUERTES DEL PROYECTO&#8221; button_alignment=&#8221;center&#8221; module_id=&#8221;atouts_programme_all&#8221; _builder_version=&#8221;3.0.100&#8243; global_module=&#8221;5819&#8243; saved_tabs=&#8221;all&#8221;][\/et_pb_button][\/et_pb_column][et_pb_column type=&#8221;1_2&#8243; _builder_version=&#8221;3.0.47&#8243; parallax=&#8221;off&#8221; parallax_method=&#8221;on&#8221;][et_pb_button button_url=&#8221;https:\/\/www.golfresort-lagruyere.ch\/site\/wp-content\/uploads\/2020\/06\/Golf-Gruyere-brochure-2020-EN.pdf&#8221; button_text=&#8221;Descargar el folleto&#8221; button_alignment=&#8221;center&#8221; _builder_version=&#8221;3.0.100&#8243; custom_margin=&#8221;||20px|&#8221; global_module=&#8221;10447&#8243; saved_tabs=&#8221;all&#8221;][\/et_pb_button][\/et_pb_column][\/et_pb_row][\/et_pb_section][et_pb_section fb_built=&#8221;1&#8243; fullwidth=&#8221;on&#8221; _builder_version=&#8221;3.0.100&#8243;][et_pb_fullwidth_image _builder_version=&#8221;3.0.100&#8243; background_image=&#8221;https:\/\/www.golfresort-lagruyere.ch\/site\/wp-content\/uploads\/2018\/09\/vh-securite.jpg&#8221; custom_padding=&#8221;||600px|&#8221; custom_padding_phone=&#8221;||250px|&#8221; custom_padding_last_edited=&#8221;on|desktop&#8221;][\/et_pb_fullwidth_image][\/et_pb_section]<\/p>\n","protected":false},"excerpt":{"rendered":"<p>[et_pb_section fb_built=&#8221;1&#8243; _builder_version=&#8221;3.0.100&#8243; use_background_color_gradient=&#8221;on&#8221; background_color_gradient_start=&#8221;rgba(0,21,45,0.2)&#8221; background_color_gradient_end=&#8221;rgba(0,21,45,0)&#8221; background_color_gradient_overlays_image=&#8221;on&#8221; background_image=&#8221;https:\/\/www.golfresort-lagruyere.ch\/site\/wp-content\/uploads\/2019\/06\/golf-resort-gruyere.jpg&#8221; custom_padding=&#8221;0px|0px|0px|0px&#8221;][et_pb_row custom_padding=&#8221;230px|0px|230px|0px&#8221; _builder_version=&#8221;3.0.100&#8243;][et_pb_column type=&#8221;4_4&#8243; _builder_version=&#8221;3.0.100&#8243; parallax=&#8221;off&#8221; parallax_method=&#8221;on&#8221;][et_pb_image src=&#8221;https:\/\/www.golfresort-lagruyere.ch\/site\/wp-content\/uploads\/2020\/02\/logo_neg_shadow_light.png&#8221; align=&#8221;center&#8221; _builder_version=&#8221;3.0.100&#8243; max_width=&#8221;35%&#8221;][\/et_pb_image][et_pb_button button_url=&#8221;https:\/\/vimeo.com\/456569183&#8243; button_text=&#8221;Descubrir el video&#8221; button_alignment=&#8221;center&#8221; module_class=&#8221;vp-a&#8221; _builder_version=&#8221;3.0.100&#8243; custom_button=&#8221;on&#8221; button_text_size=&#8221;16px&#8221; button_text_color=&#8221;#ffffff&#8221; button_bg_color=&#8221;#00152d&#8221; button_border_color=&#8221;#00152d&#8221; button_font=&#8221;||||||||&#8221; button_letter_spacing_hover=&#8221;0&#8243;][\/et_pb_button][et_pb_button _builder_version=&#8221;3.0.100&#8243;][\/et_pb_button][\/et_pb_column][\/et_pb_row][\/et_pb_section][et_pb_section fb_built=&#8221;1&#8243; _builder_version=&#8221;3.0.100&#8243; custom_padding=&#8221;46px|0px|0px|0px&#8221;][et_pb_row use_custom_width=&#8221;on&#8221; custom_width_px=&#8221;770px&#8221; custom_padding=&#8221;20px|0px|0px|0px&#8221; custom_padding_phone=&#8221;20px|0px|0px|0px&#8221; background_position_1=&#8221;top_left&#8221; background_repeat_1=&#8221;no-repeat&#8221; custom_padding_last_edited=&#8221;on|phone&#8221; _builder_version=&#8221;3.0.100&#8243; module_alignment=&#8221;center&#8221;][et_pb_column type=&#8221;4_4&#8243; _builder_version=&#8221;3.0.47&#8243; parallax=&#8221;off&#8221; parallax_method=&#8221;on&#8221; background_position=&#8221;top_left&#8221; background_repeat=&#8221;no-repeat&#8221;][et_pb_text _builder_version=&#8221;3.0.100&#8243; header_font=&#8221;||||||||&#8221; custom_padding=&#8221;|30px||30px&#8221; [&hellip;]<\/p>\n","protected":false},"author":3,"featured_media":0,"parent":0,"menu_order":0,"comment_status":"closed","ping_status":"closed","template":"","meta":{"footnotes":""},"class_list":["post-5804","page","type-page","status-publish","hentry"],"lang":"es","translations":{"de":3067,"en":3065,"fr":3058,"ru":3884,"it":4986,"es":5804},"pll_sync_post":[],"_links":{"self":[{"href":"https:\/\/www.golfresort-lagruyere.ch\/site\/wp-json\/wp\/v2\/pages\/5804"}],"collection":[{"href":"https:\/\/www.golfresort-lagruyere.ch\/site\/wp-json\/wp\/v2\/pages"}],"about":[{"href":"https:\/\/www.golfresort-lagruyere.ch\/site\/wp-json\/wp\/v2\/types\/page"}],"author":[{"embeddable":true,"href":"https:\/\/www.golfresort-lagruyere.ch\/site\/wp-json\/wp\/v2\/users\/3"}],"replies":[{"embeddable":true,"href":"https:\/\/www.golfresort-lagruyere.ch\/site\/wp-json\/wp\/v2\/comments?post=5804"}],"version-history":[{"count":30,"href":"https:\/\/www.golfresort-lagruyere.ch\/site\/wp-json\/wp\/v2\/pages\/5804\/revisions"}],"predecessor-version":[{"id":11203,"href":"https:\/\/www.golfresort-lagruyere.ch\/site\/wp-json\/wp\/v2\/pages\/5804\/revisions\/11203"}],"wp:attachment":[{"href":"https:\/\/www.golfresort-lagruyere.ch\/site\/wp-json\/wp\/v2\/media?parent=5804"}],"curies":[{"name":"wp","href":"https:\/\/api.w.org\/{rel}","templated":true}]}}