{"id":3697,"date":"2019-06-04T17:28:49","date_gmt":"2019-06-04T15:28:49","guid":{"rendered":"https:\/\/www.golfresort-lagruyere.ch\/site\/?page_id=3697"},"modified":"2020-09-03T09:54:33","modified_gmt":"2020-09-03T07:54:33","slug":"atouts-programme-immobilier","status":"publish","type":"page","link":"https:\/\/www.golfresort-lagruyere.ch\/site\/residence-luxe\/atouts-programme-immobilier\/","title":{"rendered":"Programme immobilier de prestige: les atouts"},"content":{"rendered":"<p>[et_pb_section fb_built=&#8221;1&#8243; _builder_version=&#8221;3.0.100&#8243; background_image=&#8221;https:\/\/www.golfresort-lagruyere.ch\/site\/wp-content\/uploads\/2020\/09\/programme-immobilier-vue-terrasse-2500&#215;950.jpg&#8221; custom_margin=&#8221;|||&#8221; custom_padding=&#8221;46vh|||&#8221; saved_tabs=&#8221;all&#8221;][et_pb_row _builder_version=&#8221;3.0.100&#8243;][et_pb_column type=&#8221;4_4&#8243; _builder_version=&#8221;3.0.47&#8243; parallax=&#8221;off&#8221; parallax_method=&#8221;on&#8221;][et_pb_image _builder_version=&#8221;3.0.100&#8243;][\/et_pb_image][\/et_pb_column][\/et_pb_row][\/et_pb_section][et_pb_section fb_built=&#8221;1&#8243; admin_label=&#8221;section&#8221; _builder_version=&#8221;3.0.47&#8243; custom_padding=&#8221;29px|0px|29px|0px&#8221; saved_tabs=&#8221;all&#8221;][et_pb_row custom_padding=&#8221;29px|0px|2px|0px&#8221; admin_label=&#8221;row&#8221; _builder_version=&#8221;3.0.47&#8243; background_size=&#8221;initial&#8221; background_position=&#8221;top_left&#8221; background_repeat=&#8221;repeat&#8221;][et_pb_column type=&#8221;4_4&#8243; _builder_version=&#8221;3.0.47&#8243; parallax=&#8221;off&#8221; parallax_method=&#8221;on&#8221;][et_pb_text admin_label=&#8221;Text&#8221; _builder_version=&#8221;3.0.100&#8243; background_size=&#8221;initial&#8221; background_position=&#8221;top_left&#8221; background_repeat=&#8221;repeat&#8221;]<\/p>\n<h1 style=\"text-align: center;\">Investissez dans l&#8217;immobiler de prestige<\/h1>\n<p>\u00a0<\/p>\n<h2 style=\"text-align: center;\">Luxe, confort<strong>,<\/strong> qualit\u00e9 et s\u00e9curit\u00e9<br \/> au coeur de la Suisse romande<\/h2>\n<p>[\/et_pb_text][et_pb_text _builder_version=&#8221;3.0.100&#8243; max_width=&#8221;70%&#8221; module_alignment=&#8221;center&#8221;]<\/p>\n<h4 style=\"text-align: justify;\">Ecrin de luxe<\/h4>\n<p style=\"text-align: justify;\">Les appartements de prestige propos\u00e9s au Golf Resort La Gruy\u00e8re allient l\u2019\u00e9l\u00e9gance et la qualit\u00e9. Leur architecture r\u00e9solument contemporaine et leurs toitures v\u00e9g\u00e9talis\u00e9es leur permettent de s\u2019int\u00e9grer au cadre exceptionnel dans lequel ils se situent.<\/p>\n<p style=\"text-align: justify;\"><strong>Tous les appartements b\u00e9n\u00e9ficient d\u2019une exposition plein sud.<br \/><\/strong>De larges terrasses offrent une vue incomparable sur le golf, le Lac de la Gruy\u00e8re et les montagnes.<\/p>\n<p style=\"text-align: justify;\">Les prestations contractuelles sont de tr\u00e8s de haut standing et de qualit\u00e9 sup\u00e9rieure :<\/p>\n<ul>\n<li style=\"text-align: justify;\">baies coulissantes triples vitrages<\/li>\n<li style=\"text-align: justify;\">isolations thermiques et phoniques tr\u00e8s pouss\u00e9es<\/li>\n<li style=\"text-align: justify;\">domotique de pointe<\/li>\n<\/ul>\n<p>[\/et_pb_text][et_pb_text _builder_version=&#8221;3.0.100&#8243; max_width=&#8221;70%&#8221; module_alignment=&#8221;center&#8221;][\/et_pb_text][et_pb_divider color=&#8221;#e5e5e5&#8243; show_divider=&#8221;on&#8221; height=&#8221;20px&#8221; _builder_version=&#8221;3.0.100&#8243; custom_margin=&#8221;|||&#8221; custom_padding=&#8221;|50px||50px&#8221;][\/et_pb_divider][\/et_pb_column][\/et_pb_row][et_pb_row custom_padding=&#8221;29px|0px|2px|0px&#8221; admin_label=&#8221;row&#8221; _builder_version=&#8221;3.0.47&#8243; background_size=&#8221;initial&#8221; background_position=&#8221;top_left&#8221; background_repeat=&#8221;repeat&#8221;][et_pb_column type=&#8221;4_4&#8243; _builder_version=&#8221;3.0.47&#8243; parallax=&#8221;off&#8221; parallax_method=&#8221;on&#8221;][et_pb_text _builder_version=&#8221;3.0.100&#8243; max_width=&#8221;70%&#8221; module_alignment=&#8221;center&#8221;]<\/p>\n<h4 style=\"text-align: justify;\">Unique en Suisse Romande<\/h4>\n<p style=\"text-align: justify;\">Tel un v\u00e9ritable appel \u00e0 la nature, le Golf Resort La Gruy\u00e8re se d\u00e9marque non seulement par son panorama hors du commun, mais surtout par son caract\u00e8re unique en Suisse Romande:<\/p>\n<p style=\"text-align: justify;\">\n<ul>\n<li style=\"text-align: justify;\"><span style=\"font-size: 15px;\">situ\u00e9 sur un parcours de golf d\u2019envergure internationale (18 trous par 71)\u00a0<span style=\"color: #00152d; font-family: 'HCo Gotham SSm'; font-size: 15px; font-style: normal; font-variant-ligatures: normal; font-variant-caps: normal; font-weight: 300; letter-spacing: normal; orphans: 2; text-align: justify; text-indent: 0px; text-transform: none; white-space: normal; widows: 2; word-spacing: 0px; -webkit-text-stroke-width: 0px; background-color: #ffffff; text-decoration-style: initial; text-decoration-color: initial; display: inline !important; float: none;\">remodel\u00e9 par Robert Trent Jones Jr.<\/span><\/span><\/li>\n<li style=\"text-align: justify;\">l\u2019unique h\u00f4tel 5* du canton de Fribourg : l\u2019H\u00f4tel \u00ab Alila La Gruy\u00e8re by Hyatt \u00bb comprend 85 chambres et 27 r\u00e9sidences h\u00f4teli\u00e8res<\/li>\n<li style=\"text-align: justify;\">un spa wellness in\u00e9dit de 3 000 m\u00b2<\/li>\n<li style=\"text-align: justify;\">tous les plaisirs de la table dans ses trois restaurants aux cuisines vari\u00e9es : restaurant gastronomique, restaurant-brasserie-grill de l\u2019h\u00f4tel et La Ferme avec ses sp\u00e9cialit\u00e9s gru\u00e9riennes<\/li>\n<li style=\"text-align: justify;\">un beach club privatif au bord du lac<\/li>\n<\/ul>\n<p>[\/et_pb_text][et_pb_text _builder_version=&#8221;3.0.100&#8243; max_width=&#8221;70%&#8221; module_alignment=&#8221;center&#8221;][\/et_pb_text][et_pb_divider color=&#8221;#e5e5e5&#8243; show_divider=&#8221;on&#8221; height=&#8221;20px&#8221; _builder_version=&#8221;3.0.100&#8243; custom_margin=&#8221;|||&#8221; custom_padding=&#8221;|50px||50px&#8221;][\/et_pb_divider][\/et_pb_column][\/et_pb_row][et_pb_row custom_padding=&#8221;29px|0px|2px|0px&#8221; admin_label=&#8221;row&#8221; _builder_version=&#8221;3.0.47&#8243; background_size=&#8221;initial&#8221; background_position=&#8221;top_left&#8221; background_repeat=&#8221;repeat&#8221;][et_pb_column type=&#8221;4_4&#8243; _builder_version=&#8221;3.0.47&#8243; parallax=&#8221;off&#8221; parallax_method=&#8221;on&#8221;][et_pb_text _builder_version=&#8221;3.0.100&#8243; max_width=&#8221;70%&#8221; module_alignment=&#8221;center&#8221;]<\/p>\n<h4 style=\"text-align: justify;\">Confort, qualit\u00e9 de vie et s\u00e9curit\u00e9<\/h4>\n<p style=\"text-align: justify;\">Une conciergerie, situ\u00e9e \u00e0 l\u2019entr\u00e9e du Resort, sera ouverte 7j\/7 avec une pr\u00e9sence 24h\/24.<\/p>\n<p>[\/et_pb_text][et_pb_text _builder_version=&#8221;3.0.100&#8243; max_width=&#8221;70%&#8221; module_alignment=&#8221;center&#8221;][\/et_pb_text][et_pb_divider color=&#8221;#e5e5e5&#8243; show_divider=&#8221;on&#8221; height=&#8221;20px&#8221; _builder_version=&#8221;3.0.100&#8243; custom_margin=&#8221;|||&#8221; custom_padding=&#8221;|50px||50px&#8221;][\/et_pb_divider][\/et_pb_column][\/et_pb_row][et_pb_row custom_padding=&#8221;29px|0px|2px|0px&#8221; admin_label=&#8221;row&#8221; _builder_version=&#8221;3.0.47&#8243; background_size=&#8221;initial&#8221; background_position=&#8221;top_left&#8221; background_repeat=&#8221;repeat&#8221;][et_pb_column type=&#8221;4_4&#8243; _builder_version=&#8221;3.0.47&#8243; parallax=&#8221;off&#8221; parallax_method=&#8221;on&#8221;][et_pb_text _builder_version=&#8221;3.0.100&#8243; max_width=&#8221;70%&#8221; module_alignment=&#8221;center&#8221;]<\/p>\n<h4 style=\"text-align: justify;\">Vente \u00e0 l\u2019international<\/h4>\n<p class=\"p1\" style=\"text-align: justify;\">L\u2019acquisition de biens immobilier par des ressortissants \u00e9trangers est soumise \u00e0 la Loi f\u00e9d\u00e9rale sur l\u2019acquisition d\u2019immeubles par des personnes \u00e0 l\u2019\u00e9tranger, <strong>LFAIE<\/strong> ou \u00ab\u00a0<strong>Lex Koller\u00a0<\/strong>\u00bb.<\/p>\n<p style=\"text-align: justify;\">Cette loi autorise les acqu\u00e9reurs de nationalit\u00e9 \u00e9trang\u00e8re \u00e0 acqu\u00e9rir un maximum de <strong>200 m\u00b2 habitables<\/strong> en r\u00e9sidence secondaire.<\/p>\n<p style=\"text-align: justify;\"><em>Pour tout renseignement compl\u00e9mentaire, l\u2019\u00e9quipe de commercialisation se tient \u00e0 votre disposition.<\/em><\/p>\n<p>[\/et_pb_text][et_pb_text _builder_version=&#8221;3.0.100&#8243; max_width=&#8221;70%&#8221; module_alignment=&#8221;center&#8221;][\/et_pb_text][et_pb_divider color=&#8221;#e5e5e5&#8243; show_divider=&#8221;on&#8221; height=&#8221;20px&#8221; _builder_version=&#8221;3.0.100&#8243; custom_margin=&#8221;|||&#8221; custom_padding=&#8221;|50px||50px&#8221;][\/et_pb_divider][\/et_pb_column][\/et_pb_row][et_pb_row custom_padding=&#8221;29px|0px|2px|0px&#8221; admin_label=&#8221;row&#8221; _builder_version=&#8221;3.0.47&#8243; background_size=&#8221;initial&#8221; background_position=&#8221;top_left&#8221; background_repeat=&#8221;repeat&#8221;][et_pb_column type=&#8221;4_4&#8243; _builder_version=&#8221;3.0.47&#8243; parallax=&#8221;off&#8221; parallax_method=&#8221;on&#8221;][et_pb_text _builder_version=&#8221;3.0.100&#8243; max_width=&#8221;70%&#8221; module_alignment=&#8221;center&#8221;]<\/p>\n<h4 style=\"text-align: justify;\">IMP\u00d4T SUR LES SUCCESSIONS ET DONATIONS<\/h4>\n<p style=\"text-align: justify;\"><strong>Important<\/strong>: Dans le Canton de Fribourg, sont exon\u00e9r\u00e9s de l\u2019imp\u00f4t sur les successions et les donations; les \u00e9poux, partenaires enregistr\u00e9s et les parents en ligne directe (ascendants : p\u00e8re, m\u00e8re, grands-parents ; descendants : enfants, petits-enfants).<\/p>\n<p>[\/et_pb_text][et_pb_text _builder_version=&#8221;3.0.100&#8243; max_width=&#8221;70%&#8221; module_alignment=&#8221;center&#8221;][\/et_pb_text][et_pb_divider color=&#8221;#e5e5e5&#8243; show_divider=&#8221;on&#8221; height=&#8221;20px&#8221; _builder_version=&#8221;3.0.100&#8243; custom_margin=&#8221;|||&#8221; custom_padding=&#8221;|50px||50px&#8221;][\/et_pb_divider][\/et_pb_column][\/et_pb_row][et_pb_row custom_padding=&#8221;29px|0px|2px|0px&#8221; admin_label=&#8221;row&#8221; _builder_version=&#8221;3.0.47&#8243; background_size=&#8221;initial&#8221; background_position=&#8221;top_left&#8221; background_repeat=&#8221;repeat&#8221;][et_pb_column type=&#8221;4_4&#8243; _builder_version=&#8221;3.0.47&#8243; parallax=&#8221;off&#8221; parallax_method=&#8221;on&#8221;][et_pb_text _builder_version=&#8221;3.0.100&#8243; max_width=&#8221;70%&#8221; module_alignment=&#8221;center&#8221;]<\/p>\n<h4 style=\"text-align: justify;\">Investissement<\/h4>\n<p style=\"text-align: justify;\">A \u00e9chelle internationale, le climat g\u00e9opolitique actuel place la Suisse au premier plan des destinations et lieux de r\u00e9sidences s\u00e9curitaires. Outre sa situation centrale en Europe, la Suisse repr\u00e9sente la stabilit\u00e9, qu\u2019elle soit \u00e9conomique, mon\u00e9taire, sociale ou culturelle. En r\u00e9sulte une image forte et rassurante, dans laquelle les Suisses comme les ressortissants \u00e9trangers souhaitent investir.<\/p>\n<p style=\"text-align: justify;\">Par sa situation centrale, l\u2019investissement dans un programme immobilier tel que le n\u00f4tre est particuli\u00e8rement id\u00e9al pour les \u00e9tudiants et leurs familles.<\/p>\n<p style=\"text-align: justify;\">Nous proposons \u00e0 ce jour des biens prestigieux compris entre CHF 15\u2019000.- et CHF 18\u2019000.- le m\u00b2 pond\u00e9r\u00e9, dans un Resort unique en Suisse Romande, \u00e0 proximit\u00e9 imm\u00e9diate de certaines stations renomm\u00e9es telles que Gstaad, Crans Montana ou Verbier.<\/p>\n<p>[\/et_pb_text][et_pb_text _builder_version=&#8221;3.0.100&#8243; max_width=&#8221;70%&#8221; module_alignment=&#8221;center&#8221;][\/et_pb_text][et_pb_divider color=&#8221;#e5e5e5&#8243; show_divider=&#8221;on&#8221; height=&#8221;20px&#8221; _builder_version=&#8221;3.0.100&#8243; custom_margin=&#8221;|||&#8221; custom_padding=&#8221;|50px||50px&#8221;][\/et_pb_divider][\/et_pb_column][\/et_pb_row][et_pb_row custom_padding=&#8221;29px|0px|2px|0px&#8221; admin_label=&#8221;row&#8221; _builder_version=&#8221;3.0.47&#8243; background_size=&#8221;initial&#8221; background_position=&#8221;top_left&#8221; background_repeat=&#8221;repeat&#8221;][et_pb_column type=&#8221;4_4&#8243; _builder_version=&#8221;3.0.47&#8243; parallax=&#8221;off&#8221; parallax_method=&#8221;on&#8221;][et_pb_text _builder_version=&#8221;3.0.100&#8243; max_width=&#8221;70%&#8221; module_alignment=&#8221;center&#8221;]<\/p>\n<h4 style=\"text-align: justify;\">Au c\u0153ur de la Suisse\u00a0<\/h4>\n<p style=\"text-align: justify;\">La Gruy\u00e8re, r\u00e9gion de renomm\u00e9e internationale vous enchantera par ses paysages, ses traditions, ses produits du terroir et son art de vivre authentique.<\/p>\n<p style=\"text-align: justify;\">Situ\u00e9e \u00e0 10 minutes de la sortie d\u2019autoroute reliant les grands axes de circulation et les liaisons internationales des a\u00e9roports de Gen\u00e8ve et Zurich. \u00c0 moins d\u2019une heure de destinations touristiques tr\u00e8s pris\u00e9es comme Gstaad ou Montreux et aux portes des villes de Fribourg, Berne et Lausanne.<\/p>\n<p style=\"text-align: justify;\">\u00c0 proximit\u00e9 imm\u00e9diate se trouvent les prestigieuses universit\u00e9s et les hautes \u00e9coles priv\u00e9es telles que L\u2019institut Le Rosey, ou encore les \u00e9coles h\u00f4teli\u00e8res de Glion et Lausanne.<\/p>\n<p style=\"text-align: justify;\">Pour les f\u00e9rus de golf, de nombreux autres parcours se situent \u00e0 proximit\u00e9. Quant aux amateurs de skis et de glisse, ces derniers ne seront \u00e9galement pas en reste.<\/p>\n<p>[\/et_pb_text][et_pb_text _builder_version=&#8221;3.0.100&#8243; max_width=&#8221;70%&#8221; module_alignment=&#8221;center&#8221;][\/et_pb_text][et_pb_divider color=&#8221;#e5e5e5&#8243; show_divider=&#8221;on&#8221; height=&#8221;20px&#8221; _builder_version=&#8221;3.0.100&#8243; custom_margin=&#8221;|||&#8221; custom_padding=&#8221;|50px||50px&#8221;][\/et_pb_divider][\/et_pb_column][\/et_pb_row][et_pb_row use_custom_width=&#8221;on&#8221; custom_width_px=&#8221;840px&#8221; custom_padding=&#8221;29px|0px|40px|0px&#8221; admin_label=&#8221;row&#8221; _builder_version=&#8221;3.0.100&#8243; background_size=&#8221;initial&#8221; background_position=&#8221;top_left&#8221; background_repeat=&#8221;repeat&#8221;][et_pb_column type=&#8221;1_2&#8243; _builder_version=&#8221;3.0.47&#8243; parallax=&#8221;off&#8221; parallax_method=&#8221;on&#8221;][et_pb_button button_url=&#8221;https:\/\/www.golfresort-realestate.ch\/visite\/&#8221; button_text=&#8221;Visite virtuelle&#8221; button_alignment=&#8221;center&#8221; module_id=&#8221;visite_virtuelle_all&#8221; _builder_version=&#8221;3.0.100&#8243; custom_margin=&#8221;||20px|&#8221; global_module=&#8221;10381&#8243;][\/et_pb_button][\/et_pb_column][et_pb_column type=&#8221;1_2&#8243; _builder_version=&#8221;3.0.47&#8243; parallax=&#8221;off&#8221; parallax_method=&#8221;on&#8221;][et_pb_button button_url=&#8221;https:\/\/www.golfresort-lagruyere.ch\/site\/wp-content\/uploads\/2020\/06\/Golf-Gruyere-brochure-2020-FR.pdf&#8221; button_text=&#8221;brochure (PDF)&#8221; button_alignment=&#8221;center&#8221; disabled_on=&#8221;off|off|off&#8221; module_id=&#8221;download_brochure_all&#8221; _builder_version=&#8221;3.0.100&#8243; custom_margin=&#8221;||20px|&#8221; global_module=&#8221;10376&#8243; saved_tabs=&#8221;all&#8221;][\/et_pb_button][\/et_pb_column][\/et_pb_row][\/et_pb_section]<\/p>\n","protected":false},"excerpt":{"rendered":"<p>[et_pb_section fb_built=&#8221;1&#8243; _builder_version=&#8221;3.0.100&#8243; background_image=&#8221;https:\/\/www.golfresort-lagruyere.ch\/site\/wp-content\/uploads\/2020\/09\/programme-immobilier-vue-terrasse-2500&#215;950.jpg&#8221; custom_margin=&#8221;|||&#8221; custom_padding=&#8221;46vh|||&#8221; saved_tabs=&#8221;all&#8221;][et_pb_row _builder_version=&#8221;3.0.100&#8243;][et_pb_column type=&#8221;4_4&#8243; _builder_version=&#8221;3.0.47&#8243; parallax=&#8221;off&#8221; parallax_method=&#8221;on&#8221;][et_pb_image _builder_version=&#8221;3.0.100&#8243;][\/et_pb_image][\/et_pb_column][\/et_pb_row][\/et_pb_section][et_pb_section fb_built=&#8221;1&#8243; admin_label=&#8221;section&#8221; _builder_version=&#8221;3.0.47&#8243; custom_padding=&#8221;29px|0px|29px|0px&#8221; saved_tabs=&#8221;all&#8221;][et_pb_row custom_padding=&#8221;29px|0px|2px|0px&#8221; admin_label=&#8221;row&#8221; _builder_version=&#8221;3.0.47&#8243; background_size=&#8221;initial&#8221; background_position=&#8221;top_left&#8221; background_repeat=&#8221;repeat&#8221;][et_pb_column type=&#8221;4_4&#8243; _builder_version=&#8221;3.0.47&#8243; parallax=&#8221;off&#8221; parallax_method=&#8221;on&#8221;][et_pb_text admin_label=&#8221;Text&#8221; _builder_version=&#8221;3.0.100&#8243; background_size=&#8221;initial&#8221; background_position=&#8221;top_left&#8221; background_repeat=&#8221;repeat&#8221;] Investissez dans l&#8217;immobiler de prestige \u00a0 Luxe, confort, qualit\u00e9 et s\u00e9curit\u00e9 au coeur de la Suisse romande [\/et_pb_text][et_pb_text _builder_version=&#8221;3.0.100&#8243; max_width=&#8221;70%&#8221; module_alignment=&#8221;center&#8221;] Ecrin [&hellip;]<\/p>\n","protected":false},"author":3,"featured_media":0,"parent":3256,"menu_order":0,"comment_status":"closed","ping_status":"closed","template":"","meta":{"footnotes":""},"class_list":["post-3697","page","type-page","status-publish","hentry"],"lang":"fr","translations":{"en":4120,"fr":3697,"de":4125,"it":4132,"ru":4137,"es":5821},"pll_sync_post":[],"_links":{"self":[{"href":"https:\/\/www.golfresort-lagruyere.ch\/site\/wp-json\/wp\/v2\/pages\/3697"}],"collection":[{"href":"https:\/\/www.golfresort-lagruyere.ch\/site\/wp-json\/wp\/v2\/pages"}],"about":[{"href":"https:\/\/www.golfresort-lagruyere.ch\/site\/wp-json\/wp\/v2\/types\/page"}],"author":[{"embeddable":true,"href":"https:\/\/www.golfresort-lagruyere.ch\/site\/wp-json\/wp\/v2\/users\/3"}],"replies":[{"embeddable":true,"href":"https:\/\/www.golfresort-lagruyere.ch\/site\/wp-json\/wp\/v2\/comments?post=3697"}],"version-history":[{"count":61,"href":"https:\/\/www.golfresort-lagruyere.ch\/site\/wp-json\/wp\/v2\/pages\/3697\/revisions"}],"predecessor-version":[{"id":11167,"href":"https:\/\/www.golfresort-lagruyere.ch\/site\/wp-json\/wp\/v2\/pages\/3697\/revisions\/11167"}],"up":[{"embeddable":true,"href":"https:\/\/www.golfresort-lagruyere.ch\/site\/wp-json\/wp\/v2\/pages\/3256"}],"wp:attachment":[{"href":"https:\/\/www.golfresort-lagruyere.ch\/site\/wp-json\/wp\/v2\/media?parent=3697"}],"curies":[{"name":"wp","href":"https:\/\/api.w.org\/{rel}","templated":true}]}}