{"id":3058,"date":"2019-05-01T17:09:13","date_gmt":"2019-05-01T15:09:13","guid":{"rendered":"https:\/\/www.golfresort-lagruyere.ch\/site\/?page_id=3058"},"modified":"2020-09-10T16:16:57","modified_gmt":"2020-09-10T14:16:57","slug":"investissez-en-suisse-programme-immobilier-de-luxe","status":"publish","type":"page","link":"https:\/\/www.golfresort-lagruyere.ch\/site\/","title":{"rendered":"Investissez dans l&#8217;Immobilier de luxe en Suisse"},"content":{"rendered":"<p>[et_pb_section fb_built=&#8221;1&#8243; background_color=&#8221;#00152d&#8221; _builder_version=&#8221;3.0.100&#8243; use_background_color_gradient=&#8221;on&#8221; background_color_gradient_start=&#8221;rgba(0,21,45,0.2)&#8221; background_color_gradient_end=&#8221;rgba(0,21,45,0)&#8221; background_color_gradient_direction=&#8221;160deg&#8221; background_color_gradient_overlays_image=&#8221;on&#8221; background_image=&#8221;https:\/\/www.golfresort-lagruyere.ch\/site\/wp-content\/uploads\/2019\/06\/golf-resort-gruyere.jpg&#8221; custom_padding=&#8221;0px|0px|0px|0px&#8221;][et_pb_row custom_padding=&#8221;230px|0px|230px|0px&#8221; custom_padding_phone=&#8221;150px|0px|150px|0px&#8221; custom_padding_last_edited=&#8221;on|desktop&#8221; _builder_version=&#8221;3.0.100&#8243;][et_pb_column type=&#8221;4_4&#8243; _builder_version=&#8221;3.0.100&#8243; parallax=&#8221;off&#8221; parallax_method=&#8221;on&#8221;][et_pb_image src=&#8221;https:\/\/www.golfresort-lagruyere.ch\/site\/wp-content\/uploads\/2020\/02\/logo_neg_shadow_light.png&#8221; align=&#8221;center&#8221; _builder_version=&#8221;3.0.100&#8243; max_width=&#8221;35%&#8221; max_width_tablet=&#8221;50%&#8221; max_width_phone=&#8221;75%&#8221; max_width_last_edited=&#8221;on|desktop&#8221;][\/et_pb_image][et_pb_button button_url=&#8221;https:\/\/vimeo.com\/456569183&#8243; button_text=&#8221;D\u00e9couvrez le film&#8221; button_alignment=&#8221;center&#8221; module_class=&#8221;vp-a&#8221; _builder_version=&#8221;3.0.100&#8243; custom_button=&#8221;on&#8221; button_text_size=&#8221;16px&#8221; button_text_color=&#8221;#ffffff&#8221; button_bg_color=&#8221;#00152d&#8221; button_border_color=&#8221;#00152d&#8221; button_font=&#8221;||||||||&#8221; button_letter_spacing_hover=&#8221;0&#8243;][\/et_pb_button][et_pb_button _builder_version=&#8221;3.0.100&#8243;][\/et_pb_button][\/et_pb_column][\/et_pb_row][\/et_pb_section][et_pb_section fb_built=&#8221;1&#8243; _builder_version=&#8221;3.0.100&#8243; custom_padding=&#8221;46px|0px|0px|0px&#8221;][et_pb_row use_custom_width=&#8221;on&#8221; custom_width_px=&#8221;770px&#8221; custom_padding=&#8221;20px|0px|0px|0px&#8221; custom_padding_phone=&#8221;20px|0px|0px|0px&#8221; background_position_1=&#8221;top_left&#8221; background_repeat_1=&#8221;no-repeat&#8221; custom_padding_last_edited=&#8221;on|phone&#8221; _builder_version=&#8221;3.0.100&#8243; module_alignment=&#8221;center&#8221;][et_pb_column type=&#8221;4_4&#8243; _builder_version=&#8221;3.0.47&#8243; parallax=&#8221;off&#8221; parallax_method=&#8221;on&#8221; background_position=&#8221;top_left&#8221; background_repeat=&#8221;no-repeat&#8221;][et_pb_text _builder_version=&#8221;3.0.100&#8243; header_font=&#8221;||||||||&#8221; custom_padding=&#8221;|30px||30px&#8221; custom_padding_phone=&#8221;|0px||0px&#8221; custom_padding_last_edited=&#8221;on|desktop&#8221;]<\/p>\n<h1 style=\"text-align: center;\">Investissez en Suisse<\/h1>\n<h2 style=\"text-align: center;\">Programme immobilier de luxe<strong><br \/>\n<\/strong><\/h2>\n<p>[\/et_pb_text][et_pb_text _builder_version=&#8221;3.0.100&#8243; custom_padding=&#8221;|30px||30px&#8221; custom_padding_phone=&#8221;|0px||0px&#8221; custom_padding_last_edited=&#8221;on|desktop&#8221;]<\/p>\n<p style=\"text-align: justify;\"><strong><b>AU GOLF RESORT LA GRUYERE, UNE REALISATION DE PRESTIGE VOIT LE JOUR POUR S\u2019INTEGRER DANS UN ENVIRONNEMENT REMARQUABLEMENT PRESERV\u00c9. <\/b><\/strong><\/p>\n<p style=\"text-align: justify;\">Des appartements somptueux, du 2\u00b9\/\u00b2 au 5\u00b9\/\u00b2 pi\u00e8ces et attiques, avec de vastes terrasses, en r\u00e9sidences principales et secondaires. Un h\u00f4tel 5 \u00e9toiles\u00a0\u00abALiLA LA GRUY\u00c8RE, A Luxury Brand Owned by Hyatt\u00bb, de 85 chambres et 27 r\u00e9sidences h\u00f4teli\u00e8res, un spa wellness in\u00e9dit de 2 000 m\u00b2, tous les plaisirs de la table dans ses trois restaurants aux cuisines vari\u00e9es \u2013 restaurant gastronomique, restaurant-brasserie-grill de l\u2019h\u00f4tel et La Ferme avec ses sp\u00e9cialit\u00e9s gru\u00e9riennes, un beach club privatif au bord du lac, des infrastructures de pointe pour l\u2019organisation de s\u00e9minaires, une s\u00e9curit\u00e9 optimale avec une surveillance 24h\/24, le tout directement sur un nouveau parcours de golf 18 trous Par 72 de niveau international\u2026<\/p>\n<p style=\"text-align: justify;\"><strong>Un Resort sublime et unique en Suisse Romande.<\/strong><\/p>\n<p>[\/et_pb_text][\/et_pb_column][\/et_pb_row][et_pb_row use_custom_width=&#8221;on&#8221; custom_width_px=&#8221;770px&#8221; custom_padding=&#8221;40px|0px|90px|0px&#8221; _builder_version=&#8221;3.0.100&#8243;][et_pb_column type=&#8221;1_2&#8243; _builder_version=&#8221;3.0.47&#8243; parallax=&#8221;off&#8221; parallax_method=&#8221;on&#8221;][et_pb_button button_url=&#8221;https:\/\/www.golfresort-lagruyere.ch\/visite\/&#8221; button_text=&#8221;Visite virtuelle&#8221; button_alignment=&#8221;center&#8221; module_id=&#8221;visite_virtuelle_all&#8221; _builder_version=&#8221;3.0.100&#8243;][\/et_pb_button][\/et_pb_column][et_pb_column type=&#8221;1_2&#8243; _builder_version=&#8221;3.0.47&#8243; parallax=&#8221;off&#8221; parallax_method=&#8221;on&#8221;][et_pb_button button_url=&#8221;https:\/\/www.golfresort-lagruyere.ch\/site\/residence-luxe\/&#8221; button_text=&#8221;Programme Immobilier&#8221; button_alignment=&#8221;center&#8221; module_id=&#8221;programme_immobilier_all&#8221; _builder_version=&#8221;3.0.100&#8243; global_module=&#8221;4659&#8243; saved_tabs=&#8221;all&#8221;][\/et_pb_button][\/et_pb_column][\/et_pb_row][\/et_pb_section][et_pb_section fb_built=&#8221;1&#8243; fullwidth=&#8221;on&#8221; _builder_version=&#8221;3.0.100&#8243;][et_pb_fullwidth_image _builder_version=&#8221;3.0.100&#8243; background_image=&#8221;https:\/\/www.golfresort-lagruyere.ch\/site\/wp-content\/uploads\/2020\/02\/Programme-immobilier-Salon_web.jpg&#8221; custom_padding=&#8221;||600px|&#8221; custom_padding_phone=&#8221;||250px|&#8221; custom_padding_last_edited=&#8221;on|desktop&#8221;][\/et_pb_fullwidth_image][\/et_pb_section][et_pb_section fb_built=&#8221;1&#8243; custom_padding_last_edited=&#8221;on|phone&#8221; _builder_version=&#8221;3.0.100&#8243; custom_padding=&#8221;|20px|20px|20px&#8221; custom_padding_phone=&#8221;|0px||0px&#8221;][et_pb_row custom_width_px=&#8221;1170px&#8221; custom_padding=&#8221;60px|0px|0px|0px&#8221; _builder_version=&#8221;3.0.100&#8243;][et_pb_column type=&#8221;1_3&#8243; _builder_version=&#8221;3.0.47&#8243; parallax=&#8221;off&#8221; parallax_method=&#8221;on&#8221;][et_pb_text _builder_version=&#8221;3.0.100&#8243;]<\/p>\n<h4>Ecrin de luxe<\/h4>\n<p style=\"text-align: justify;\">Les appartements de prestige propos\u00e9s au Golf Resort La Gruy\u00e8re allient l\u2019\u00e9l\u00e9gance et la qualit\u00e9. Leur architecture r\u00e9solument contemporaine &#8230;<\/p>\n<p>[\/et_pb_text][\/et_pb_column][et_pb_column type=&#8221;1_3&#8243; _builder_version=&#8221;3.0.47&#8243; parallax=&#8221;off&#8221; parallax_method=&#8221;on&#8221;][et_pb_text _builder_version=&#8221;3.0.100&#8243;]<\/p>\n<h4>Unique en Suisse Romande<\/h4>\n<p style=\"text-align: justify;\">Tel un v\u00e9ritable appel \u00e0 la nature, le Golf Resort La Gruy\u00e8re se d\u00e9marque non seulement par son panorama hors du commun, mais surtout &#8230;<\/p>\n<p>[\/et_pb_text][\/et_pb_column][et_pb_column type=&#8221;1_3&#8243; _builder_version=&#8221;3.0.47&#8243; parallax=&#8221;off&#8221; parallax_method=&#8221;on&#8221;][et_pb_text _builder_version=&#8221;3.0.100&#8243;]<\/p>\n<h4>Confort, qualit\u00e9 et s\u00e9curit\u00e9<\/h4>\n<p style=\"text-align: justify;\">Une conciergerie, situ\u00e9e \u00e0 l\u2019entr\u00e9e du Resort, sera ouverte 7j\/7 avec une pr\u00e9sence 24h\/24.<\/p>\n<p>[\/et_pb_text][\/et_pb_column][\/et_pb_row][et_pb_row custom_width_px=&#8221;1170px&#8221; custom_padding=&#8221;60px|0px|0px|0px&#8221; _builder_version=&#8221;3.0.100&#8243;][et_pb_column type=&#8221;1_3&#8243; _builder_version=&#8221;3.0.47&#8243; parallax=&#8221;off&#8221; parallax_method=&#8221;on&#8221;][et_pb_text _builder_version=&#8221;3.0.100&#8243;]<\/p>\n<h4>Vente \u00e0 l\u2019international<\/h4>\n<p style=\"text-align: justify;\">L\u2019acquisition de biens immobilier par des ressortissants \u00e9trangers est soumise \u00e0 la Loi f\u00e9d\u00e9rale sur l\u2019acquisition d\u2019immeubles par &#8230;<\/p>\n<p>[\/et_pb_text][\/et_pb_column][et_pb_column type=&#8221;1_3&#8243; _builder_version=&#8221;3.0.47&#8243; parallax=&#8221;off&#8221; parallax_method=&#8221;on&#8221;][et_pb_text _builder_version=&#8221;3.0.100&#8243;]<\/p>\n<h4>Investissement<\/h4>\n<p style=\"text-align: justify;\">A \u00e9chelle internationale, le climat g\u00e9opolitique actuel place la Suisse au premier plan des destinations et lieux de r\u00e9sidences s\u00e9curitaires. Outre sa &#8230;<\/p>\n<p>[\/et_pb_text][\/et_pb_column][et_pb_column type=&#8221;1_3&#8243; _builder_version=&#8221;3.0.47&#8243; parallax=&#8221;off&#8221; parallax_method=&#8221;on&#8221;][et_pb_text _builder_version=&#8221;3.0.100&#8243;]<\/p>\n<h4>Au c\u0153ur de la Suisse<br \/> et de l\u2019Europe<\/h4>\n<p style=\"text-align: justify;\">Pont-la-Ville, village sis en Gruy\u00e8re, r\u00e9gion de renomm\u00e9e internationale vous enchantera par ses traditions, &#8230;<\/p>\n<p>[\/et_pb_text][\/et_pb_column][\/et_pb_row][et_pb_row use_custom_width=&#8221;on&#8221; custom_width_px=&#8221;770px&#8221; custom_padding=&#8221;60px|0px|60px|0px&#8221; _builder_version=&#8221;3.0.100&#8243;][et_pb_column type=&#8221;1_2&#8243; _builder_version=&#8221;3.0.47&#8243; parallax=&#8221;off&#8221; parallax_method=&#8221;on&#8221;][et_pb_button button_url=&#8221;https:\/\/www.golfresort-lagruyere.ch\/site\/residence-luxe\/atouts-programme-immobilier\/&#8221; button_text=&#8221;Les atouts du programme&#8221; button_alignment=&#8221;center&#8221; module_id=&#8221;atouts_programme_all&#8221; _builder_version=&#8221;3.0.100&#8243;][\/et_pb_button][\/et_pb_column][et_pb_column type=&#8221;1_2&#8243; _builder_version=&#8221;3.0.47&#8243; parallax=&#8221;off&#8221; parallax_method=&#8221;on&#8221;][et_pb_button button_url=&#8221;https:\/\/www.golfresort-lagruyere.ch\/site\/wp-content\/uploads\/2020\/06\/Golf-Gruyere-brochure-2020-FR.pdf&#8221; button_text=&#8221;brochure (PDF)&#8221; button_alignment=&#8221;center&#8221; disabled_on=&#8221;off|off|off&#8221; module_id=&#8221;download_brochure_all&#8221; _builder_version=&#8221;3.0.100&#8243; custom_margin=&#8221;||20px|&#8221; global_module=&#8221;10376&#8243; saved_tabs=&#8221;all&#8221;][\/et_pb_button][\/et_pb_column][\/et_pb_row][\/et_pb_section][et_pb_section fb_built=&#8221;1&#8243; fullwidth=&#8221;on&#8221; _builder_version=&#8221;3.0.100&#8243;][et_pb_fullwidth_image _builder_version=&#8221;3.0.100&#8243; background_image=&#8221;https:\/\/www.golfresort-lagruyere.ch\/site\/wp-content\/uploads\/2018\/09\/vh-securite.jpg&#8221; custom_padding=&#8221;||600px|&#8221; custom_padding_phone=&#8221;||250px|&#8221; custom_padding_last_edited=&#8221;on|desktop&#8221;][\/et_pb_fullwidth_image][\/et_pb_section]<\/p>\n","protected":false},"excerpt":{"rendered":"<p>[et_pb_section fb_built=&#8221;1&#8243; background_color=&#8221;#00152d&#8221; _builder_version=&#8221;3.0.100&#8243; use_background_color_gradient=&#8221;on&#8221; background_color_gradient_start=&#8221;rgba(0,21,45,0.2)&#8221; background_color_gradient_end=&#8221;rgba(0,21,45,0)&#8221; background_color_gradient_direction=&#8221;160deg&#8221; background_color_gradient_overlays_image=&#8221;on&#8221; background_image=&#8221;https:\/\/www.golfresort-lagruyere.ch\/site\/wp-content\/uploads\/2019\/06\/golf-resort-gruyere.jpg&#8221; custom_padding=&#8221;0px|0px|0px|0px&#8221;][et_pb_row custom_padding=&#8221;230px|0px|230px|0px&#8221; custom_padding_phone=&#8221;150px|0px|150px|0px&#8221; custom_padding_last_edited=&#8221;on|desktop&#8221; _builder_version=&#8221;3.0.100&#8243;][et_pb_column type=&#8221;4_4&#8243; _builder_version=&#8221;3.0.100&#8243; parallax=&#8221;off&#8221; parallax_method=&#8221;on&#8221;][et_pb_image src=&#8221;https:\/\/www.golfresort-lagruyere.ch\/site\/wp-content\/uploads\/2020\/02\/logo_neg_shadow_light.png&#8221; align=&#8221;center&#8221; _builder_version=&#8221;3.0.100&#8243; max_width=&#8221;35%&#8221; max_width_tablet=&#8221;50%&#8221; max_width_phone=&#8221;75%&#8221; max_width_last_edited=&#8221;on|desktop&#8221;][\/et_pb_image][et_pb_button button_url=&#8221;https:\/\/vimeo.com\/456569183&#8243; button_text=&#8221;D\u00e9couvrez le film&#8221; button_alignment=&#8221;center&#8221; module_class=&#8221;vp-a&#8221; _builder_version=&#8221;3.0.100&#8243; custom_button=&#8221;on&#8221; button_text_size=&#8221;16px&#8221; button_text_color=&#8221;#ffffff&#8221; button_bg_color=&#8221;#00152d&#8221; button_border_color=&#8221;#00152d&#8221; button_font=&#8221;||||||||&#8221; button_letter_spacing_hover=&#8221;0&#8243;][\/et_pb_button][et_pb_button _builder_version=&#8221;3.0.100&#8243;][\/et_pb_button][\/et_pb_column][\/et_pb_row][\/et_pb_section][et_pb_section fb_built=&#8221;1&#8243; _builder_version=&#8221;3.0.100&#8243; custom_padding=&#8221;46px|0px|0px|0px&#8221;][et_pb_row use_custom_width=&#8221;on&#8221; custom_width_px=&#8221;770px&#8221; custom_padding=&#8221;20px|0px|0px|0px&#8221; custom_padding_phone=&#8221;20px|0px|0px|0px&#8221; background_position_1=&#8221;top_left&#8221; background_repeat_1=&#8221;no-repeat&#8221; custom_padding_last_edited=&#8221;on|phone&#8221; _builder_version=&#8221;3.0.100&#8243; module_alignment=&#8221;center&#8221;][et_pb_column type=&#8221;4_4&#8243; _builder_version=&#8221;3.0.47&#8243; [&hellip;]<\/p>\n","protected":false},"author":3,"featured_media":0,"parent":0,"menu_order":0,"comment_status":"closed","ping_status":"closed","template":"","meta":{"footnotes":""},"class_list":["post-3058","page","type-page","status-publish","hentry"],"lang":"fr","translations":{"de":3067,"en":3065,"fr":3058,"ru":3884,"it":4986,"es":5804},"pll_sync_post":[],"_links":{"self":[{"href":"https:\/\/www.golfresort-lagruyere.ch\/site\/wp-json\/wp\/v2\/pages\/3058"}],"collection":[{"href":"https:\/\/www.golfresort-lagruyere.ch\/site\/wp-json\/wp\/v2\/pages"}],"about":[{"href":"https:\/\/www.golfresort-lagruyere.ch\/site\/wp-json\/wp\/v2\/types\/page"}],"author":[{"embeddable":true,"href":"https:\/\/www.golfresort-lagruyere.ch\/site\/wp-json\/wp\/v2\/users\/3"}],"replies":[{"embeddable":true,"href":"https:\/\/www.golfresort-lagruyere.ch\/site\/wp-json\/wp\/v2\/comments?post=3058"}],"version-history":[{"count":110,"href":"https:\/\/www.golfresort-lagruyere.ch\/site\/wp-json\/wp\/v2\/pages\/3058\/revisions"}],"predecessor-version":[{"id":11178,"href":"https:\/\/www.golfresort-lagruyere.ch\/site\/wp-json\/wp\/v2\/pages\/3058\/revisions\/11178"}],"wp:attachment":[{"href":"https:\/\/www.golfresort-lagruyere.ch\/site\/wp-json\/wp\/v2\/media?parent=3058"}],"curies":[{"name":"wp","href":"https:\/\/api.w.org\/{rel}","templated":true}]}}