{"id":3017,"date":"2019-05-01T16:10:56","date_gmt":"2019-05-01T14:10:56","guid":{"rendered":"https:\/\/www.golfresort-lagruyere.ch\/site\/?page_id=3017"},"modified":"2023-07-10T14:23:50","modified_gmt":"2023-07-10T12:23:50","slug":"les-belles-rives","status":"publish","type":"page","link":"https:\/\/www.golfresort-lagruyere.ch\/site\/residence-luxe\/les-belles-rives\/","title":{"rendered":"Acheter une r\u00e9sidence de luxe en Suisse &#8211; 22 appartements \u00e0 vendre"},"content":{"rendered":"<p>[et_pb_section fb_built=&#8221;1&#8243; _builder_version=&#8221;3.0.100&#8243; background_image=&#8221;https:\/\/www.golfresort-lagruyere.ch\/site\/wp-content\/uploads\/2020\/02\/Programme-immobilier-Salon_web-1.jpg&#8221; custom_margin=&#8221;|||&#8221; custom_padding=&#8221;46vh||0px|&#8221; saved_tabs=&#8221;all&#8221;][et_pb_row _builder_version=&#8221;3.0.100&#8243;][et_pb_column type=&#8221;4_4&#8243; _builder_version=&#8221;3.0.47&#8243; parallax=&#8221;off&#8221; parallax_method=&#8221;on&#8221;][et_pb_image _builder_version=&#8221;3.0.100&#8243;][\/et_pb_image][\/et_pb_column][\/et_pb_row][\/et_pb_section][et_pb_section fb_built=&#8221;1&#8243; admin_label=&#8221;section&#8221; _builder_version=&#8221;3.0.47&#8243; custom_padding=&#8221;29px|0px|29px|0px&#8221; saved_tabs=&#8221;all&#8221;][et_pb_row custom_padding=&#8221;29px|0px|40px|0px&#8221; admin_label=&#8221;row&#8221; _builder_version=&#8221;3.0.47&#8243; background_size=&#8221;initial&#8221; background_position=&#8221;top_left&#8221; background_repeat=&#8221;repeat&#8221;][et_pb_column type=&#8221;4_4&#8243; _builder_version=&#8221;3.0.47&#8243; parallax=&#8221;off&#8221; parallax_method=&#8221;on&#8221;][et_pb_text admin_label=&#8221;Text&#8221; _builder_version=&#8221;3.0.100&#8243; background_size=&#8221;initial&#8221; background_position=&#8221;top_left&#8221; background_repeat=&#8221;repeat&#8221;]<\/p>\n<h1 style=\"text-align: center;\">R\u00e9sidences les Belles Rives<\/h1>\n<h2 style=\"text-align: center;\">22 appartements de prestige<\/h2>\n<p>[\/et_pb_text][et_pb_text _builder_version=&#8221;3.0.100&#8243;]<\/p>\n<p style=\"text-align: center;\">De 3.5 \u00e0 5.5 pi\u00e8ces en r\u00e9sidence principale ou secondaire.<br \/>Orient\u00e9s plein sud avec vue incomparable sur le lac et les montagnes.<\/p>\n<p>[\/et_pb_text][\/et_pb_column][\/et_pb_row][et_pb_row use_custom_width=&#8221;on&#8221; custom_width_px=&#8221;920px&#8221; custom_padding=&#8221;29px|0px|35px|0px&#8221; custom_margin=&#8221;||15px|&#8221; background_color=&#8221;#DEE1E2&#8243; admin_label=&#8221;row&#8221; _builder_version=&#8221;3.0.100&#8243; background_size=&#8221;initial&#8221; background_position=&#8221;top_left&#8221; background_repeat=&#8221;repeat&#8221;][et_pb_column type=&#8221;1_2&#8243; _builder_version=&#8221;3.0.47&#8243; parallax=&#8221;off&#8221; parallax_method=&#8221;on&#8221;][et_pb_text _builder_version=&#8221;3.0.100&#8243; text_font=&#8221;||||||||&#8221; border_radii=&#8221;on|1px|1px|1px|1px&#8221; module_alignment=&#8221;center&#8221; custom_margin=&#8221;|||&#8221; custom_padding=&#8221;|40px||40px&#8221;]<\/p>\n<p style=\"text-align: justify; color: #0b386b;\">D\u00e9but des travaux :<strong>\u00a0d\u00e9but 2024<\/strong><br \/>Livraison :<strong> courant 2025<\/strong><\/p>\n<p>[\/et_pb_text][\/et_pb_column][et_pb_column type=&#8221;1_2&#8243; _builder_version=&#8221;3.0.47&#8243; parallax=&#8221;off&#8221; parallax_method=&#8221;on&#8221;][et_pb_text _builder_version=&#8221;3.0.100&#8243; text_font=&#8221;||||||||&#8221; border_radii=&#8221;on|1px|1px|1px|1px&#8221; module_alignment=&#8221;center&#8221; custom_margin=&#8221;|||&#8221; custom_padding=&#8221;|40px||40px&#8221;]<\/p>\n<p style=\"text-align: justify; color: #0b386b;\">Prix moyen par m\u00b2 pond\u00e9r\u00e9:<br \/>\u00c0 partir de <strong>CHF 14 500.-<\/strong><br \/><\/strong><\/p>\n<p>[\/et_pb_text][\/et_pb_column][\/et_pb_row][et_pb_row use_custom_width=&#8221;on&#8221; custom_width_px=&#8221;920px&#8221; custom_padding=&#8221;31px|0px|29px|0px&#8221; custom_margin=&#8221;||30px|&#8221; background_color=&#8221;#DEE1E2&#8243; admin_label=&#8221;row&#8221; _builder_version=&#8221;3.0.100&#8243; background_size=&#8221;initial&#8221; background_position=&#8221;top_left&#8221; background_repeat=&#8221;repeat&#8221;][et_pb_column type=&#8221;4_4&#8243; _builder_version=&#8221;3.0.47&#8243; parallax=&#8221;off&#8221; parallax_method=&#8221;on&#8221;][et_pb_text _builder_version=&#8221;3.0.100&#8243; text_font=&#8221;||||||||&#8221; border_radii=&#8221;on|1px|1px|1px|1px&#8221; module_alignment=&#8221;center&#8221; custom_margin=&#8221;|||&#8221; custom_padding=&#8221;|40px||40px&#8221;]<\/p>\n<p style=\"color: #0b386b; text-align: center; font-size: 17px;\"><em><strong>La vente aux acqu\u00e9reurs de nationalit\u00e9 \u00e9trang\u00e8re est autoris\u00e9e en r\u00e9sidence secondaire<\/strong><\/em><\/p>\n<p>[\/et_pb_text][\/et_pb_column][\/et_pb_row][et_pb_row use_custom_width=&#8221;on&#8221; custom_width_px=&#8221;920px&#8221; custom_padding=&#8221;29px|0px|35px|0px&#8221; custom_margin=&#8221;||15px|&#8221; admin_label=&#8221;row&#8221; _builder_version=&#8221;3.0.100&#8243; background_size=&#8221;initial&#8221; background_position=&#8221;top_left&#8221; background_repeat=&#8221;repeat&#8221; locked=&#8221;off&#8221;][et_pb_column type=&#8221;1_3&#8243; _builder_version=&#8221;3.0.47&#8243; parallax=&#8221;off&#8221; parallax_method=&#8221;on&#8221;][et_pb_text _builder_version=&#8221;3.0.100&#8243; module_alignment=&#8221;center&#8221; custom_padding=&#8221;|0px|20px|40px&#8221;]<\/p>\n<h5 style=\"color: #103157;\"><strong>B\u00e2timent A<\/strong><\/h5>\n<p><strong><br \/> 3 \u00e9tages \/ 11 appartements<\/strong><br \/> 3.5 \u2013 4.5 \u2013 5.5 pi\u00e8ces<\/p>\n<p><strong>Surfaces habitables<\/strong><br \/> de 216 m\u00b2\u00a0\u00e0 383 m\u00b2<br \/> <strong>Surfaces terrasses<br \/> <\/strong>de 73 m\u00b2\u00a0\u00e0 214 m\u00b2<\/p>\n<p>[\/et_pb_text][\/et_pb_column][et_pb_column type=&#8221;2_3&#8243; _builder_version=&#8221;3.0.47&#8243; parallax=&#8221;off&#8221; parallax_method=&#8221;on&#8221;][et_pb_image src=&#8221;https:\/\/www.golfresort-lagruyere.ch\/site\/wp-content\/uploads\/2020\/07\/bellerives-A-floors_home_2.jpg&#8221; url=&#8221;https:\/\/www.golfresort-lagruyere.ch\/site\/residence-luxe\/les-belles-rives\/bat-a\/&#8221; align=&#8221;center&#8221; _builder_version=&#8221;3.0.100&#8243; max_width=&#8221;94%&#8221;][\/et_pb_image][et_pb_button button_url=&#8221;https:\/\/www.golfresort-lagruyere.ch\/site\/residence-luxe\/les-belles-rives\/bat-a\/&#8221; button_text=&#8221;Plan des appartements&#8221; button_alignment=&#8221;center&#8221; _builder_version=&#8221;3.0.100&#8243;][\/et_pb_button][\/et_pb_column][\/et_pb_row][et_pb_row use_custom_width=&#8221;on&#8221; custom_width_px=&#8221;920px&#8221; custom_padding=&#8221;29px|0px|35px|0px&#8221; custom_margin=&#8221;||15px|&#8221; admin_label=&#8221;row&#8221; _builder_version=&#8221;3.0.100&#8243; background_size=&#8221;initial&#8221; background_position=&#8221;top_left&#8221; background_repeat=&#8221;repeat&#8221; locked=&#8221;off&#8221;][et_pb_column type=&#8221;1_3&#8243; _builder_version=&#8221;3.0.47&#8243; parallax=&#8221;off&#8221; parallax_method=&#8221;on&#8221;][et_pb_text _builder_version=&#8221;3.0.100&#8243; module_alignment=&#8221;center&#8221; custom_padding=&#8221;||20px|40px&#8221;]<\/p>\n<h5 style=\"color: #103157;\"><b>B\u00e2timent B<\/b><\/h5>\n<p><b><br \/> <\/b><strong>2 \u00e9tages \/ 7 appartements<br \/> <\/strong>3.5 &#8211; 4.5 pi\u00e8ces<\/p>\n<p><strong>Surfaces habitables<\/strong><br \/> de 214 m\u00b2 \u00e0 286 m\u00b2<br \/> <strong>Surfaces terrasses<\/strong><br \/> de 51 m\u00b2 \u00e0 122 m\u00b2<\/p>\n<p>[\/et_pb_text][\/et_pb_column][et_pb_column type=&#8221;2_3&#8243; _builder_version=&#8221;3.0.47&#8243; parallax=&#8221;off&#8221; parallax_method=&#8221;on&#8221;][et_pb_image src=&#8221;https:\/\/www.golfresort-lagruyere.ch\/site\/wp-content\/uploads\/2020\/07\/bellerives-B-floors_home_2.jpg&#8221; url=&#8221;https:\/\/www.golfresort-lagruyere.ch\/site\/residence-luxe\/les-belles-rives\/bat-b\/&#8221; align=&#8221;center&#8221; _builder_version=&#8221;3.0.100&#8243; max_width=&#8221;94%&#8221;][\/et_pb_image][et_pb_button button_url=&#8221;https:\/\/www.golfresort-lagruyere.ch\/site\/residence-luxe\/les-belles-rives\/bat-b\/&#8221; button_text=&#8221;Plan des appartements&#8221; button_alignment=&#8221;center&#8221; _builder_version=&#8221;3.0.100&#8243;][\/et_pb_button][\/et_pb_column][\/et_pb_row][et_pb_row use_custom_width=&#8221;on&#8221; custom_width_px=&#8221;920px&#8221; custom_padding=&#8221;29px|0px|35px|0px&#8221; custom_margin=&#8221;||15px|&#8221; admin_label=&#8221;row&#8221; _builder_version=&#8221;3.0.100&#8243; background_size=&#8221;initial&#8221; background_position=&#8221;top_left&#8221; background_repeat=&#8221;repeat&#8221; locked=&#8221;off&#8221;][et_pb_column type=&#8221;1_3&#8243; _builder_version=&#8221;3.0.47&#8243; parallax=&#8221;off&#8221; parallax_method=&#8221;on&#8221;][et_pb_text _builder_version=&#8221;3.0.100&#8243; custom_padding=&#8221;|||40px&#8221;]<\/p>\n<h5 style=\"color: #103157;\"><strong>B\u00e2timent C<\/strong><b><br \/> <\/b><\/h5>\n<p><strong><br \/> 1er niveau sur sous-sol privatif<br \/> 4 appartements<br \/> <\/strong>4.5 pi\u00e8ces<b><br \/> <\/b><\/p>\n<p><strong>Surfaces habitables<\/strong><br \/> de 195 m\u00b2 \u00e0 199 m\u00b2<br \/> <strong>Surfaces terrasses<br \/> <\/strong>de 147 m\u00b2 \u00e0 164 m\u00b2<\/p>\n<p>[\/et_pb_text][\/et_pb_column][et_pb_column type=&#8221;2_3&#8243; _builder_version=&#8221;3.0.47&#8243; parallax=&#8221;off&#8221; parallax_method=&#8221;on&#8221;][et_pb_image src=&#8221;https:\/\/www.golfresort-lagruyere.ch\/site\/wp-content\/uploads\/2020\/07\/bellerives-C-floors_home_2.jpg&#8221; url=&#8221;https:\/\/www.golfresort-lagruyere.ch\/site\/residence-luxe\/les-belles-rives\/bat-c\/&#8221; align=&#8221;center&#8221; _builder_version=&#8221;3.0.100&#8243; max_width=&#8221;94%&#8221; custom_margin=&#8221;-20px|||&#8221;][\/et_pb_image][et_pb_button button_url=&#8221;https:\/\/www.golfresort-lagruyere.ch\/site\/residence-luxe\/les-belles-rives\/bat-c\/&#8221; button_text=&#8221;Plan des appartements&#8221; button_alignment=&#8221;center&#8221; _builder_version=&#8221;3.0.100&#8243;][\/et_pb_button][\/et_pb_column][\/et_pb_row][et_pb_row use_custom_width=&#8221;on&#8221; custom_width_px=&#8221;920px&#8221; use_custom_gutter=&#8221;on&#8221; gutter_width=&#8221;3&#8243; custom_padding=&#8221;31px|0px|29px|0px&#8221; custom_margin=&#8221;||30px|&#8221; background_color=&#8221;#DEE1E2&#8243; _builder_version=&#8221;3.0.100&#8243;][et_pb_column type=&#8221;1_2&#8243; _builder_version=&#8221;3.0.47&#8243; parallax=&#8221;off&#8221; parallax_method=&#8221;on&#8221;][et_pb_text _builder_version=&#8221;3.0.100&#8243; module_alignment=&#8221;center&#8221; custom_padding=&#8221;|40px|0px|40px&#8221;]<\/p>\n<p><strong>Parking souterrain<\/strong><\/p>\n<p>Prix unitaire:<br \/>CHF 50\u2019000.-<\/p>\n<p>[\/et_pb_text][\/et_pb_column][et_pb_column type=&#8221;1_2&#8243; _builder_version=&#8221;3.0.47&#8243; parallax=&#8221;off&#8221; parallax_method=&#8221;on&#8221;][et_pb_text _builder_version=&#8221;3.0.100&#8243; max_width=&#8221;86%&#8221; module_alignment=&#8221;left&#8221; custom_padding=&#8221;|40px|0px|40px&#8221;]<\/p>\n<p><strong>R\u00e9serve privative<\/strong><\/p>\n<p><span class=\"s1\">comprise dans le prix de vente<\/span><\/p>\n<p>[\/et_pb_text][\/et_pb_column][\/et_pb_row][et_pb_row use_custom_width=&#8221;on&#8221; custom_width_px=&#8221;920px&#8221; use_custom_gutter=&#8221;on&#8221; gutter_width=&#8221;1&#8243; custom_padding=&#8221;20px|0px|29px|0px&#8221; _builder_version=&#8221;3.0.100&#8243;][et_pb_column type=&#8221;1_3&#8243; _builder_version=&#8221;3.0.47&#8243; parallax=&#8221;off&#8221; parallax_method=&#8221;on&#8221;][et_pb_button button_url=&#8221;https:\/\/www.golfresort-realestate.ch\/visite\/&#8221; button_text=&#8221;Visite virtuelle&#8221; button_alignment=&#8221;center&#8221; module_id=&#8221;visite_virtuelle_all&#8221; _builder_version=&#8221;3.0.100&#8243; custom_margin=&#8221;||20px|&#8221; global_module=&#8221;10381&#8243;][\/et_pb_button][\/et_pb_column][et_pb_column type=&#8221;1_3&#8243; _builder_version=&#8221;3.0.47&#8243; parallax=&#8221;off&#8221; parallax_method=&#8221;on&#8221;][et_pb_button button_url=&#8221;https:\/\/www.golfresort-lagruyere.ch\/site\/wp-content\/uploads\/2020\/06\/Golf-Gruyere-brochure-2020-FR.pdf&#8221; button_text=&#8221;brochure (PDF)&#8221; button_alignment=&#8221;center&#8221; disabled_on=&#8221;off|off|off&#8221; module_id=&#8221;download_brochure_all&#8221; _builder_version=&#8221;3.0.100&#8243; custom_margin=&#8221;||20px|&#8221; global_module=&#8221;10376&#8243; saved_tabs=&#8221;all&#8221;][\/et_pb_button][\/et_pb_column][et_pb_column type=&#8221;1_3&#8243; _builder_version=&#8221;3.0.47&#8243; parallax=&#8221;off&#8221; parallax_method=&#8221;on&#8221;][et_pb_button button_url=&#8221;https:\/\/www.golfresort-lagruyere.ch\/site\/contact\/&#8221; button_text=&#8221;Informations vente&#8221; button_alignment=&#8221;center&#8221; _builder_version=&#8221;3.0.100&#8243; custom_margin=&#8221;||20px|&#8221;][\/et_pb_button][\/et_pb_column][\/et_pb_row][\/et_pb_section][et_pb_section fb_built=&#8221;1&#8243; background_color=&#8221;rgba(0,0,0,0.59)&#8221; _builder_version=&#8221;3.0.100&#8243; use_background_color_gradient=&#8221;on&#8221; background_color_gradient_start=&#8221;rgba(0,0,0,0.25)&#8221; background_color_gradient_end=&#8221;rgba(0,0,0,0.22)&#8221; background_color_gradient_overlays_image=&#8221;on&#8221; background_image=&#8221;https:\/\/www.golfresort-lagruyere.ch\/site\/wp-content\/uploads\/2020\/04\/golf-resort-vue-imprenable-2.jpg&#8221; custom_margin=&#8221;|||&#8221; custom_padding=&#8221;80px|0px|80px|0px&#8221;][et_pb_row use_custom_width=&#8221;on&#8221; custom_width_px=&#8221;840px&#8221; _builder_version=&#8221;3.0.100&#8243;][et_pb_column type=&#8221;4_4&#8243; _builder_version=&#8221;3.0.100&#8243; parallax=&#8221;off&#8221; parallax_method=&#8221;on&#8221;][et_pb_text background_layout=&#8221;dark&#8221; _builder_version=&#8221;3.0.100&#8243; text_font=&#8221;||||||||&#8221; text_font_size=&#8221;18px&#8221; text_font_size_phone=&#8221;15px&#8221; text_font_size_last_edited=&#8221;on|phone&#8221; text_text_color=&#8221;#ffffff&#8221; text_line_height_last_edited=&#8221;off|desktop&#8221; text_text_shadow_style=&#8221;preset3&#8243; text_text_shadow_blur_strength=&#8221;0.49em&#8221; text_text_shadow_color=&#8221;#494949&#8243; ul_font=&#8221;||||||||&#8221; ol_font=&#8221;||||||||&#8221; header_font=&#8221;||||||||&#8221; header_text_color=&#8221;#ffffff&#8221; header_2_font=&#8221;||||||||&#8221; header_3_font=&#8221;||||||||&#8221; header_4_font=&#8221;||||||||&#8221; header_5_font=&#8221;||||||||&#8221;]<\/p>\n<h3 style=\"text-align: center; font-weight: 500; margin-bottom: 10px;\">Atouts des appartements<\/h3>\n<ul style=\"font-weight: 500; line-height: 1.9rem;\">\n<li>Appartements \u00e0 l\u2019architecture contemporaine et \u00e9pur\u00e9e b\u00e9n\u00e9ficiant de g\u00e9n\u00e9reuses surfaces habitables.<\/li>\n<li>Chaque appartement b\u00e9n\u00e9ficiera d\u2019une exposition plein sud.<\/li>\n<li>Larges terrasses avec vue panoramique sur le golf, le Lac de la Gruy\u00e8re et les montagnes.<\/li>\n<li>Les prestations contractuelles de tr\u00e8s de haut standing.<\/li>\n<li>Domotique de pointe.<\/li>\n<li>Climatisation.<\/li>\n<li>Conciergerie \u00e0 l\u2019entr\u00e9e du Resort 7j\/7 et 24h\/24.<\/li>\n<\/ul>\n<p>[\/et_pb_text][\/et_pb_column][\/et_pb_row][\/et_pb_section]<\/p>\n","protected":false},"excerpt":{"rendered":"<p>[et_pb_section fb_built=&#8221;1&#8243; _builder_version=&#8221;3.0.100&#8243; background_image=&#8221;https:\/\/www.golfresort-lagruyere.ch\/site\/wp-content\/uploads\/2020\/02\/Programme-immobilier-Salon_web-1.jpg&#8221; custom_margin=&#8221;|||&#8221; custom_padding=&#8221;46vh||0px|&#8221; saved_tabs=&#8221;all&#8221;][et_pb_row _builder_version=&#8221;3.0.100&#8243;][et_pb_column type=&#8221;4_4&#8243; _builder_version=&#8221;3.0.47&#8243; parallax=&#8221;off&#8221; parallax_method=&#8221;on&#8221;][et_pb_image _builder_version=&#8221;3.0.100&#8243;][\/et_pb_image][\/et_pb_column][\/et_pb_row][\/et_pb_section][et_pb_section fb_built=&#8221;1&#8243; admin_label=&#8221;section&#8221; _builder_version=&#8221;3.0.47&#8243; custom_padding=&#8221;29px|0px|29px|0px&#8221; saved_tabs=&#8221;all&#8221;][et_pb_row custom_padding=&#8221;29px|0px|40px|0px&#8221; admin_label=&#8221;row&#8221; _builder_version=&#8221;3.0.47&#8243; background_size=&#8221;initial&#8221; background_position=&#8221;top_left&#8221; background_repeat=&#8221;repeat&#8221;][et_pb_column type=&#8221;4_4&#8243; _builder_version=&#8221;3.0.47&#8243; parallax=&#8221;off&#8221; parallax_method=&#8221;on&#8221;][et_pb_text admin_label=&#8221;Text&#8221; _builder_version=&#8221;3.0.100&#8243; background_size=&#8221;initial&#8221; background_position=&#8221;top_left&#8221; background_repeat=&#8221;repeat&#8221;] R\u00e9sidences les Belles Rives 22 appartements de prestige [\/et_pb_text][et_pb_text _builder_version=&#8221;3.0.100&#8243;] De 3.5 \u00e0 5.5 pi\u00e8ces en r\u00e9sidence principale ou secondaire.Orient\u00e9s plein sud [&hellip;]<\/p>\n","protected":false},"author":3,"featured_media":0,"parent":3256,"menu_order":0,"comment_status":"closed","ping_status":"closed","template":"","meta":{"footnotes":""},"class_list":["post-3017","page","type-page","status-publish","hentry"],"lang":"fr","translations":{"en":4065,"fr":3017,"de":4070,"it":4075,"ru":4078,"es":5832},"pll_sync_post":[],"_links":{"self":[{"href":"https:\/\/www.golfresort-lagruyere.ch\/site\/wp-json\/wp\/v2\/pages\/3017"}],"collection":[{"href":"https:\/\/www.golfresort-lagruyere.ch\/site\/wp-json\/wp\/v2\/pages"}],"about":[{"href":"https:\/\/www.golfresort-lagruyere.ch\/site\/wp-json\/wp\/v2\/types\/page"}],"author":[{"embeddable":true,"href":"https:\/\/www.golfresort-lagruyere.ch\/site\/wp-json\/wp\/v2\/users\/3"}],"replies":[{"embeddable":true,"href":"https:\/\/www.golfresort-lagruyere.ch\/site\/wp-json\/wp\/v2\/comments?post=3017"}],"version-history":[{"count":96,"href":"https:\/\/www.golfresort-lagruyere.ch\/site\/wp-json\/wp\/v2\/pages\/3017\/revisions"}],"predecessor-version":[{"id":11249,"href":"https:\/\/www.golfresort-lagruyere.ch\/site\/wp-json\/wp\/v2\/pages\/3017\/revisions\/11249"}],"up":[{"embeddable":true,"href":"https:\/\/www.golfresort-lagruyere.ch\/site\/wp-json\/wp\/v2\/pages\/3256"}],"wp:attachment":[{"href":"https:\/\/www.golfresort-lagruyere.ch\/site\/wp-json\/wp\/v2\/media?parent=3017"}],"curies":[{"name":"wp","href":"https:\/\/api.w.org\/{rel}","templated":true}]}}